{"id":506,"date":"2018-03-22T18:01:02","date_gmt":"2018-03-22T21:01:02","guid":{"rendered":"https:\/\/www.bioequimica.com.br\/site\/?page_id=506"},"modified":"2023-10-11T08:08:04","modified_gmt":"2023-10-11T11:08:04","slug":"catalogos","status":"publish","type":"page","link":"https:\/\/www.bioequimica.com.br\/site\/catalogos\/","title":{"rendered":"CAT\u00c1LOGOS"},"content":{"rendered":"<div class=\"slider-wrapper relative\" id=\"slider-1550636912\" >\n    <div class=\"slider slider-nav-circle slider-nav-large slider-nav-light slider-style-normal slider-show-nav\"\n        data-flickity-options='{\n            \"cellAlign\": \"center\",\n            \"imagesLoaded\": true,\n            \"lazyLoad\": 1,\n            \"freeScroll\": false,\n            \"wrapAround\": true,\n            \"autoPlay\": 6000,\n            \"pauseAutoPlayOnHover\" : true,\n            \"prevNextButtons\": true,\n            \"contain\" : true,\n            \"adaptiveHeight\" : true,\n            \"dragThreshold\" : 10,\n            \"percentPosition\": true,\n            \"pageDots\": true,\n            \"rightToLeft\": false,\n            \"draggable\": true,\n            \"selectedAttraction\": 0.1,\n            \"parallax\" : 0,\n            \"friction\": 0.6        }'\n        >\n        \n\n\n     <\/div>\n\n     <div class=\"loading-spin dark large centered\"><\/div>\n\n     \t<\/div>\n\n\n\n  <div class=\"banner has-hover\" id=\"banner-395562732\">\n          <div class=\"banner-inner fill\">\n        <div class=\"banner-bg fill\" >\n            <div class=\"bg fill bg-fill \"><\/div>\n                        <div class=\"overlay\"><\/div>            \n                    <\/div>\n        <div class=\"banner-layers container\">\n            <div class=\"fill banner-link\"><\/div>            \n\n   <div id=\"text-box-248062503\" class=\"text-box banner-layer x10 md-x10 lg-x10 y95 md-y95 lg-y95 res-text\">\n                                <div class=\"text-box-content text dark\">\n              \n              <div class=\"text-inner text-right\">\n                  \n\n\t<div id=\"text-2939155502\" class=\"text\">\n\t\t\n\n<h2 class=\"uppercase\"><strong>Cat\u00e1logo <\/strong><\/h2>\n<h3>Acesse agora o nosso cat\u00e1logo completo e descubra os produtos dispon\u00edveis para atender \u00e0s suas necessidades laboratoriais em diversas \u00e1reas.<\/h3>\n\t\t\n<style>\n#text-2939155502 {\n  font-size: 0.75rem;\n  line-height: 1.5;\n  text-align: left;\n}\n<\/style>\n\t<\/div>\n\t\n<a rel=\"noopener noreferrer\" href=\"https:\/\/www.bioequimica.com.br\/site\/wp-content\/uploads\/2023\/09\/Catalogo_BioeQuimica_2023.pdf\" target=\"_blank\" class=\"button white is-shade box-shadow-2 box-shadow-2-hover expand\"  style=\"border-radius:20px;\">\n  <i class=\"icon-checkmark\" ><\/i>  <span>BAIXE agora<\/span>\n  <\/a>\n\n\n\n              <\/div>\n           <\/div>\n                            \n<style>\n#text-box-248062503 {\n  width: 60%;\n}\n#text-box-248062503 .text-box-content {\n  font-size: 100%;\n}\n@media (min-width:550px) {\n  #text-box-248062503 {\n    width: 75%;\n  }\n}\n<\/style>\n    <\/div>\n \n\n        <\/div>\n      <\/div>\n\n            \n<style>\n#banner-395562732 {\n  padding-top: 500px;\n}\n#banner-395562732 .bg.bg-loaded {\n  background-image: url(https:\/\/www.bioequimica.com.br\/site\/wp-content\/uploads\/2023\/09\/banner_catalogo_bio_e_quimica.jpg);\n}\n#banner-395562732 .overlay {\n  background-color: rgba(0, 0, 0, 0.2);\n}\n<\/style>\n  <\/div>\n\n\n\n  <div class=\"banner has-hover\" id=\"banner-640090852\">\n          <div class=\"banner-inner fill\">\n        <div class=\"banner-bg fill\" >\n            <div class=\"bg fill bg-fill \"><\/div>\n                        <div class=\"overlay\"><\/div>            \n                    <\/div>\n        <div class=\"banner-layers container\">\n            <div class=\"fill banner-link\"><\/div>            \n\n   <div id=\"text-box-1824423978\" class=\"text-box banner-layer x95 md-x95 lg-x95 y50 md-y50 lg-y50 res-text\">\n                                <div class=\"text-box-content text dark\">\n              \n              <div class=\"text-inner text-right\">\n                  \n\n<h2 class=\"uppercase\"><strong>BOLSA PARA ALIMENTOS<\/strong><\/h2>\n<h3>NASCO<\/h3>\n<a rel=\"noopener noreferrer\" href=\"https:\/\/www.bioequimica.com.br\/site\/wp-content\/uploads\/2018\/03\/Flyers-bolsas-para-alimentos.pdf\" target=\"_blank\" class=\"button white is-outline\"  >\n    <span>BAIXE AQUI<\/span>\n  <\/a>\n\n\n\n              <\/div>\n           <\/div>\n                            \n<style>\n#text-box-1824423978 {\n  width: 60%;\n}\n#text-box-1824423978 .text-box-content {\n  font-size: 100%;\n}\n@media (min-width:550px) {\n  #text-box-1824423978 {\n    width: 40%;\n  }\n}\n<\/style>\n    <\/div>\n \n\n        <\/div>\n      <\/div>\n\n            \n<style>\n#banner-640090852 {\n  padding-top: 500px;\n}\n#banner-640090852 .bg.bg-loaded {\n  background-image: url(https:\/\/www.bioequimica.com.br\/site\/wp-content\/uploads\/2018\/03\/catalogo-1400x534.jpg);\n}\n#banner-640090852 .overlay {\n  background-color: rgba(0, 0, 0, 0.2);\n}\n<\/style>\n  <\/div>\n\n","protected":false},"excerpt":{"rendered":"","protected":false},"author":1,"featured_media":0,"parent":0,"menu_order":0,"comment_status":"closed","ping_status":"closed","template":"page-blank-title-center.php","meta":{"_monsterinsights_skip_tracking":false,"_monsterinsights_sitenote_active":false,"_monsterinsights_sitenote_note":"","_monsterinsights_sitenote_category":0,"footnotes":""},"class_list":["post-506","page","type-page","status-publish","hentry"],"yoast_head":"<!-- This site is optimized with the Yoast SEO plugin v25.5 - https:\/\/yoast.com\/wordpress\/plugins\/seo\/ -->\n<title>CAT\u00c1LOGOS - Bio e Qu\u00edmica<\/title>\n<meta name=\"robots\" content=\"index, follow, max-snippet:-1, max-image-preview:large, max-video-preview:-1\" \/>\n<link rel=\"canonical\" href=\"https:\/\/www.bioequimica.com.br\/site\/catalogos\/\" \/>\n<meta property=\"og:locale\" content=\"pt_BR\" \/>\n<meta property=\"og:type\" content=\"article\" \/>\n<meta property=\"og:title\" content=\"CAT\u00c1LOGOS - Bio e Qu\u00edmica\" \/>\n<meta property=\"og:url\" content=\"https:\/\/www.bioequimica.com.br\/site\/catalogos\/\" \/>\n<meta property=\"og:site_name\" content=\"Bio e Qu\u00edmica\" \/>\n<meta property=\"article:modified_time\" content=\"2023-10-11T11:08:04+00:00\" \/>\n<meta name=\"twitter:card\" content=\"summary_large_image\" \/>\n<meta name=\"twitter:label1\" content=\"Est. tempo de leitura\" \/>\n\t<meta name=\"twitter:data1\" content=\"1 minuto\" \/>\n<script type=\"application\/ld+json\" class=\"yoast-schema-graph\">{\"@context\":\"https:\/\/schema.org\",\"@graph\":[{\"@type\":\"WebPage\",\"@id\":\"https:\/\/www.bioequimica.com.br\/site\/catalogos\/\",\"url\":\"https:\/\/www.bioequimica.com.br\/site\/catalogos\/\",\"name\":\"CAT\u00c1LOGOS - Bio e Qu\u00edmica\",\"isPartOf\":{\"@id\":\"https:\/\/www.bioequimica.com.br\/site\/#website\"},\"datePublished\":\"2018-03-22T21:01:02+00:00\",\"dateModified\":\"2023-10-11T11:08:04+00:00\",\"breadcrumb\":{\"@id\":\"https:\/\/www.bioequimica.com.br\/site\/catalogos\/#breadcrumb\"},\"inLanguage\":\"pt-BR\",\"potentialAction\":[{\"@type\":\"ReadAction\",\"target\":[\"https:\/\/www.bioequimica.com.br\/site\/catalogos\/\"]}]},{\"@type\":\"BreadcrumbList\",\"@id\":\"https:\/\/www.bioequimica.com.br\/site\/catalogos\/#breadcrumb\",\"itemListElement\":[{\"@type\":\"ListItem\",\"position\":1,\"name\":\"In\u00edcio\",\"item\":\"https:\/\/www.bioequimica.com.br\/site\/\"},{\"@type\":\"ListItem\",\"position\":2,\"name\":\"CAT\u00c1LOGOS\"}]},{\"@type\":\"WebSite\",\"@id\":\"https:\/\/www.bioequimica.com.br\/site\/#website\",\"url\":\"https:\/\/www.bioequimica.com.br\/site\/\",\"name\":\"Bio e Qu\u00edmica\",\"description\":\"Revenda Autorizada Shimadzu, Nasco,Boeco\",\"publisher\":{\"@id\":\"https:\/\/www.bioequimica.com.br\/site\/#organization\"},\"potentialAction\":[{\"@type\":\"SearchAction\",\"target\":{\"@type\":\"EntryPoint\",\"urlTemplate\":\"https:\/\/www.bioequimica.com.br\/site\/?s={search_term_string}\"},\"query-input\":{\"@type\":\"PropertyValueSpecification\",\"valueRequired\":true,\"valueName\":\"search_term_string\"}}],\"inLanguage\":\"pt-BR\"},{\"@type\":\"Organization\",\"@id\":\"https:\/\/www.bioequimica.com.br\/site\/#organization\",\"name\":\"BioeQuimica Com\u00e9rcio de Produtos para Laborat\u00f3rio Ltda\",\"url\":\"https:\/\/www.bioequimica.com.br\/site\/\",\"logo\":{\"@type\":\"ImageObject\",\"inLanguage\":\"pt-BR\",\"@id\":\"https:\/\/www.bioequimica.com.br\/site\/#\/schema\/logo\/image\/\",\"url\":\"https:\/\/www.bioequimica.com.br\/site\/wp-content\/uploads\/2019\/10\/bioequimica.svg\",\"contentUrl\":\"https:\/\/www.bioequimica.com.br\/site\/wp-content\/uploads\/2019\/10\/bioequimica.svg\",\"width\":500,\"height\":143,\"caption\":\"BioeQuimica Com\u00e9rcio de Produtos para Laborat\u00f3rio Ltda\"},\"image\":{\"@id\":\"https:\/\/www.bioequimica.com.br\/site\/#\/schema\/logo\/image\/\"}}]}<\/script>\n<!-- \/ Yoast SEO plugin. -->","yoast_head_json":{"title":"CAT\u00c1LOGOS - Bio e Qu\u00edmica","robots":{"index":"index","follow":"follow","max-snippet":"max-snippet:-1","max-image-preview":"max-image-preview:large","max-video-preview":"max-video-preview:-1"},"canonical":"https:\/\/www.bioequimica.com.br\/site\/catalogos\/","og_locale":"pt_BR","og_type":"article","og_title":"CAT\u00c1LOGOS - Bio e Qu\u00edmica","og_url":"https:\/\/www.bioequimica.com.br\/site\/catalogos\/","og_site_name":"Bio e Qu\u00edmica","article_modified_time":"2023-10-11T11:08:04+00:00","twitter_card":"summary_large_image","twitter_misc":{"Est. tempo de leitura":"1 minuto"},"schema":{"@context":"https:\/\/schema.org","@graph":[{"@type":"WebPage","@id":"https:\/\/www.bioequimica.com.br\/site\/catalogos\/","url":"https:\/\/www.bioequimica.com.br\/site\/catalogos\/","name":"CAT\u00c1LOGOS - Bio e Qu\u00edmica","isPartOf":{"@id":"https:\/\/www.bioequimica.com.br\/site\/#website"},"datePublished":"2018-03-22T21:01:02+00:00","dateModified":"2023-10-11T11:08:04+00:00","breadcrumb":{"@id":"https:\/\/www.bioequimica.com.br\/site\/catalogos\/#breadcrumb"},"inLanguage":"pt-BR","potentialAction":[{"@type":"ReadAction","target":["https:\/\/www.bioequimica.com.br\/site\/catalogos\/"]}]},{"@type":"BreadcrumbList","@id":"https:\/\/www.bioequimica.com.br\/site\/catalogos\/#breadcrumb","itemListElement":[{"@type":"ListItem","position":1,"name":"In\u00edcio","item":"https:\/\/www.bioequimica.com.br\/site\/"},{"@type":"ListItem","position":2,"name":"CAT\u00c1LOGOS"}]},{"@type":"WebSite","@id":"https:\/\/www.bioequimica.com.br\/site\/#website","url":"https:\/\/www.bioequimica.com.br\/site\/","name":"Bio e Qu\u00edmica","description":"Revenda Autorizada Shimadzu, Nasco,Boeco","publisher":{"@id":"https:\/\/www.bioequimica.com.br\/site\/#organization"},"potentialAction":[{"@type":"SearchAction","target":{"@type":"EntryPoint","urlTemplate":"https:\/\/www.bioequimica.com.br\/site\/?s={search_term_string}"},"query-input":{"@type":"PropertyValueSpecification","valueRequired":true,"valueName":"search_term_string"}}],"inLanguage":"pt-BR"},{"@type":"Organization","@id":"https:\/\/www.bioequimica.com.br\/site\/#organization","name":"BioeQuimica Com\u00e9rcio de Produtos para Laborat\u00f3rio Ltda","url":"https:\/\/www.bioequimica.com.br\/site\/","logo":{"@type":"ImageObject","inLanguage":"pt-BR","@id":"https:\/\/www.bioequimica.com.br\/site\/#\/schema\/logo\/image\/","url":"https:\/\/www.bioequimica.com.br\/site\/wp-content\/uploads\/2019\/10\/bioequimica.svg","contentUrl":"https:\/\/www.bioequimica.com.br\/site\/wp-content\/uploads\/2019\/10\/bioequimica.svg","width":500,"height":143,"caption":"BioeQuimica Com\u00e9rcio de Produtos para Laborat\u00f3rio Ltda"},"image":{"@id":"https:\/\/www.bioequimica.com.br\/site\/#\/schema\/logo\/image\/"}}]}},"_links":{"self":[{"href":"https:\/\/www.bioequimica.com.br\/site\/wp-json\/wp\/v2\/pages\/506"}],"collection":[{"href":"https:\/\/www.bioequimica.com.br\/site\/wp-json\/wp\/v2\/pages"}],"about":[{"href":"https:\/\/www.bioequimica.com.br\/site\/wp-json\/wp\/v2\/types\/page"}],"author":[{"embeddable":true,"href":"https:\/\/www.bioequimica.com.br\/site\/wp-json\/wp\/v2\/users\/1"}],"replies":[{"embeddable":true,"href":"https:\/\/www.bioequimica.com.br\/site\/wp-json\/wp\/v2\/comments?post=506"}],"version-history":[{"count":0,"href":"https:\/\/www.bioequimica.com.br\/site\/wp-json\/wp\/v2\/pages\/506\/revisions"}],"wp:attachment":[{"href":"https:\/\/www.bioequimica.com.br\/site\/wp-json\/wp\/v2\/media?parent=506"}],"curies":[{"name":"wp","href":"https:\/\/api.w.org\/{rel}","templated":true}]}}