{"id":2018,"date":"2021-07-05T14:39:01","date_gmt":"2021-07-05T17:39:01","guid":{"rendered":"https:\/\/www.bioequimica.com.br\/site\/?post_type=product&#038;p=2018"},"modified":"2024-10-17T16:04:51","modified_gmt":"2024-10-17T19:04:51","slug":"analisador-de-umidades-moc63u-002g-a-60g","status":"publish","type":"product","link":"https:\/\/www.bioequimica.com.br\/site\/produto\/analisador-de-umidades-moc63u-002g-a-60g\/","title":{"rendered":"BALAN\u00c7A DE UMIDADE MOC63U CAPACIDADE DE 0,02g \u00e1 60g"},"content":{"rendered":"<h4 style=\"text-align: left;\"><strong>Shimadzu MOC-63U Balan\u00e7a de umidade 60g de capacidade<\/strong><\/h4>\n<h4 style=\"text-align: left;\">BALAN\u00c7A DE UMIDADE MOC63U CAPACIDADE DE 0,02g \u00e1 60<\/h4>\n<h4 style=\"text-align: left;\">Em muitos campos, um analisador de umidade \u00e9 uma ferramenta necess\u00e1ria para os requisitos de controle de qualidade. Com o MOC63u, voc\u00ea pode obter facilmente dados precisos. Basta colocar o material sobre a bandeja e fechar a tampa, o analisador de umidade MOC63u come\u00e7ar\u00e1 a medir. Al\u00e9m disso, se adapta a v\u00e1rios materiais e aumenta sua efici\u00eancia de trabalho.<\/h4>\n<h4 style=\"text-align: justify;\"><strong>Aquecedor Halog\u00eanico<\/strong><\/h4>\n<h4 style=\"text-align: justify;\">O aquecedor de halog\u00eanio, com longa dura\u00e7\u00e3o e alta pot\u00eancia, proporciona uma medi\u00e7\u00e3o r\u00e1pida e precisa. Voc\u00ea pode ajustar a temperatura de 50 a 200 graus Celsius conforme necess\u00e1rio. Al\u00e9m disso, pode verificar o status da amostra pela janela durante a medi\u00e7\u00e3o<\/h4>\n<h4 style=\"text-align: justify;\"><strong>Tamanho da bandeja grande: 95mm de di\u00e2metro.<\/strong><\/h4>\n<p>Outro ponto importante \u00e9 o disco grande de 95mm de di\u00e2metro, que permite espalhar a amostra em uma camada fina sobre a bandeja do analisador de umidade. Isso garante medi\u00e7\u00f5es r\u00e1pidas e precisas.<\/p>\n<h4 style=\"text-align: justify;\"><strong>Porta USB embutida<\/strong><\/h4>\n<p style=\"text-align: justify;\">Al\u00e9m disso, os resultados das medi\u00e7\u00f5es podem ser facilmente transferidos atrav\u00e9s da porta USB embutida. Para conectar ao PC via USB, \u00e9 necess\u00e1rio um driver USB, mas uma vez configurado, a transfer\u00eancia de dados \u00e9 r\u00e1pida e eficiente.<\/p>\n<h4 style=\"text-align: justify;\"><strong>WindowsDirect<\/strong><\/h4>\n<p>Com a tecnologia WindowsDirect, \u00e9 poss\u00edvel enviar dados de balan\u00e7o diretamente para o Excel ou outras aplica\u00e7\u00f5es Windows sem a necessidade de instalar software adicional de comunica\u00e7\u00e3o de dados. Ao combinar as fun\u00e7\u00f5es padr\u00e3o de impress\u00e3o autom\u00e1tica com as capacidades das planilhas eletr\u00f4nicas, at\u00e9 mesmo aplica\u00e7\u00f5es complexas podem ser automatizadas de forma simples. Dessa forma, voc\u00ea tamb\u00e9m pode criar gr\u00e1ficos com facilidade utilizando o WindowsDirect e o Excel. A conex\u00e3o \u00e9 compat\u00edvel com Windows Vista e Windows 7, o que garante versatilidade e compatibilidade.<\/p>\n<h4><strong>Opera\u00e7\u00e3o Simplificada e Armazenamento Inteligente<\/strong><\/h4>\n<p>Possui software e layout de teclas f\u00e1ceis de operar. Al\u00e9m disso, um modo de partida autom\u00e1tica economiza tempo de medi\u00e7\u00e3o, aumentando a efici\u00eancia de seu trabalho. A opera\u00e7\u00e3o requer simplesmente &#8220;colocar o material na bandeja e fechar a tampa&#8221;. A mem\u00f3ria interna pode salvar 10 condi\u00e7\u00f5es de medi\u00e7\u00e3o e 100 resultados e v\u00e1rios modos de medi\u00e7\u00e3o oferecem suporte extra.<\/p>\n<h4><strong>Diversos modos de medi\u00e7\u00e3o<\/strong><\/h4>\n<ul>\n<li>\n<h4><strong>Modos de fim:<\/strong><\/h4>\n<\/li>\n<\/ul>\n<p style=\"padding-left: 40px;\"><strong>Modo de fim autom\u00e1tico<\/strong><\/p>\n<p style=\"padding-left: 40px;\">Termina automaticamente a medi\u00e7\u00e3o quando a perda de umidade durante os 30 segundos anteriores se torna menor do que a porcentagem especificada.<\/p>\n<ul>\n<li>\n<h4><strong>Modo final cronometrado<\/strong><\/h4>\n<h4>Termina automaticamente a medi\u00e7\u00e3o quando a quantidade de tempo especificado chegar ao fim.<\/h4>\n<\/li>\n<\/ul>\n<ul>\n<li>\n<h4><strong>Modos alternativos de secagem:<\/strong><\/h4>\n<\/li>\n<\/ul>\n<p style=\"padding-left: 40px; text-align: justify;\"><strong>Modo de secagem r\u00e1pida<\/strong><br \/>\nPrimeiro, seca com a temperatura mais alta durante o per\u00edodo especificado; em seguida, ajusta para a temperatura definida, reduzindo, assim, o tempo total de medi\u00e7\u00e3o.<\/p>\n<ul>\n<li style=\"text-align: justify;\">\n<h4><strong>Modo de secagem lenta<\/strong><\/h4>\n<h4>Aquece suavemente amostras que podem solidificar na superf\u00edcie ou amostras que reduzem sob altas temperaturas.<\/h4>\n<\/li>\n<\/ul>\n<ul>\n<li style=\"text-align: justify;\">\n<h4><strong>Modo de secagem por etapas<\/strong><\/h4>\n<h4>Al\u00e9m disso, permite a mudan\u00e7a passo a passo das condi\u00e7\u00f5es de secagem. Esta caracter\u00edstica \u00e9 \u00fatil na medi\u00e7\u00e3o de amostras que cont\u00eam uma grande quantidade de \u00e1gua.<\/h4>\n<\/li>\n<\/ul>\n<ul>\n<li>\n<h4><strong>Modo de in\u00edcio:<\/strong><\/h4>\n<\/li>\n<\/ul>\n<p style=\"padding-left: 40px;\"><strong>Modo de in\u00edcio autom\u00e1tico<\/strong><br \/>\nInicia a medi\u00e7\u00e3o imediatamente ap\u00f3s o fechamento da tampa, economizando tempo em medi\u00e7\u00f5es repetidas.<\/p>\n<p>&nbsp;<\/p>\n<table width=\"524\">\n<tbody>\n<tr>\n<td rowspan=\"2\" width=\"234\">Capacidade<\/td>\n<td width=\"290\">Max: 60g<\/td>\n<\/tr>\n<tr>\n<td>Min: 0.02g<\/td>\n<\/tr>\n<tr>\n<td rowspan=\"2\">Leitura<\/td>\n<td>0.001g<\/td>\n<\/tr>\n<tr>\n<td>0.01\/0.1% (selecion\u00e1vel)<\/td>\n<\/tr>\n<tr>\n<td rowspan=\"3\">Repetitividade<\/td>\n<td>0.15% (2g)<\/td>\n<\/tr>\n<tr>\n<td>0.05% (5g)<\/td>\n<\/tr>\n<tr>\n<td>0.02% (10g)<\/td>\n<\/tr>\n<tr>\n<td>Elemento de Aquecimento<\/td>\n<td>L\u00e2mpada de Halog\u00eanio<\/td>\n<\/tr>\n<tr>\n<td>Consumo<\/td>\n<td>400W<\/td>\n<\/tr>\n<tr>\n<td>Faixa de temperatura<\/td>\n<td>50 a 200\u00b0C ( incrementos de 1\u00b0C )<\/td>\n<\/tr>\n<tr>\n<td>Configura\u00e7\u00e3o<\/td>\n<td>H\u00e1 restri\u00e7\u00e3o do tempo de uso acima de 180\u00baC<\/td>\n<\/tr>\n<tr>\n<td>Display<\/td>\n<td>LCD retroiluminado<\/td>\n<\/tr>\n<tr>\n<td>Tamanho do prato<\/td>\n<td>95mm de di\u00e2metro<\/td>\n<\/tr>\n<tr>\n<td>Dimens\u00f5es<\/td>\n<td>202\u00d7336\u00d7157 mm (L\u00d7P\u00d7A)<\/td>\n<\/tr>\n<tr>\n<td>Peso<\/td>\n<td>4kg<\/td>\n<\/tr>\n<tr>\n<td>Temperatura ambiente de opera\u00e7\u00e3o<\/td>\n<td>5 a 40\u00baC<\/td>\n<\/tr>\n<tr>\n<td>Umidade ambiente de opera\u00e7\u00e3o<\/td>\n<td>85% ou inferior<\/td>\n<\/tr>\n<tr>\n<td rowspan=\"4\">Programas de Secagem<\/td>\n<td>Modo Padr\u00e3o<\/td>\n<\/tr>\n<tr>\n<td>Modo R\u00e1pido<\/td>\n<\/tr>\n<tr>\n<td>Modo Lento<\/td>\n<\/tr>\n<tr>\n<td>Modo Por Etapas<\/td>\n<\/tr>\n<tr>\n<td rowspan=\"2\">Sele\u00e7\u00e3o do Temporizador<\/td>\n<td>1 a 120 minutos ou cont\u00ednuo<\/td>\n<\/tr>\n<tr>\n<td>(M\u00e1ximo 12 horas)<\/td>\n<\/tr>\n<tr>\n<td rowspan=\"3\">Interface<\/td>\n<td>RS-232C ( conector DB9 )<\/td>\n<\/tr>\n<tr>\n<td>Porta I\/O<\/td>\n<\/tr>\n<tr>\n<td>Porta USB<\/td>\n<\/tr>\n<tr>\n<td>Mem\u00f3ria de Condi\u00e7\u00f5es de Medida<\/td>\n<td>10<\/td>\n<\/tr>\n<tr>\n<td>Mem\u00f3ria de Resultados de Medida<\/td>\n<td>100<\/td>\n<\/tr>\n<\/tbody>\n<\/table>\n<p><strong>Acess\u00f3rios Opcionais<\/strong><\/p>\n<table width=\"524\">\n<tbody>\n<tr>\n<td rowspan=\"10\" width=\"234\">Acess\u00f3rios Opcionais<\/td>\n<td width=\"290\">Impressora EP-80<\/td>\n<\/tr>\n<tr>\n<td>Impressora EP-90<\/td>\n<\/tr>\n<tr>\n<td>Capa de prote\u00e7\u00e3o do display<\/td>\n<\/tr>\n<tr>\n<td>Prato de Alum\u00ednio<\/td>\n<\/tr>\n<tr>\n<td>Prato de Fibra de Vidro<\/td>\n<\/tr>\n<tr>\n<td>Kit de Calibra\u00e7\u00e3o de Temperatura<\/td>\n<\/tr>\n<tr>\n<td>Prato para amostras<\/td>\n<\/tr>\n<tr>\n<td>Cabo RS-232C<\/td>\n<\/tr>\n<tr>\n<td>Cabo USB<\/td>\n<\/tr>\n<tr>\n<td>L\u00e2mpada de Halog\u00eanio<\/td>\n<\/tr>\n<\/tbody>\n<\/table>\n","protected":false},"excerpt":{"rendered":"<p style=\"text-align: justify;\">Em diversas \u00e1reas, um analisador de umidade \u00e9 uma importante ferramenta para os requisitos da gest\u00e3o do Controle de Qualidade. Com a MOC63u, dados precisos s\u00e3o obtidos com facilidade. Basta carregar a amostra, fechar a tampa e a MOC63u far\u00e1 as medidas por voc\u00ea.<br \/>\nA MOC63u pode ser utilizada com diferentes materiais, aumentado assim a efici\u00eancia nas suas aplica\u00e7\u00f5es.<\/p>\n","protected":false},"featured_media":2764,"comment_status":"open","ping_status":"closed","template":"","meta":{"_monsterinsights_skip_tracking":false,"_monsterinsights_sitenote_active":false,"_monsterinsights_sitenote_note":"","_monsterinsights_sitenote_category":0},"product_brand":[],"product_cat":[123,100],"product_tag":[],"class_list":{"0":"post-2018","1":"product","2":"type-product","3":"status-publish","4":"has-post-thumbnail","6":"product_cat-analisador-de-umidade","7":"product_cat-shimadzu","9":"first","10":"instock","11":"featured","12":"shipping-taxable","13":"product-type-simple"},"yoast_head":"<!-- This site is optimized with the Yoast SEO plugin v25.5 - https:\/\/yoast.com\/wordpress\/plugins\/seo\/ -->\n<title>ANALISADOR DE UMIDADE MOC63U - Bio e Qu\u00edmica<\/title>\n<meta name=\"description\" content=\"Analisador de Umidade Shimadzu MOC63u com capacidade de 60g e precis\u00e3o de leitura selecion\u00e1vel de 0,01% ou 0,1%. Ideal para diversos tipos de amostras.\" \/>\n<meta name=\"robots\" content=\"index, follow, max-snippet:-1, max-image-preview:large, max-video-preview:-1\" \/>\n<link rel=\"canonical\" href=\"https:\/\/www.bioequimica.com.br\/site\/produto\/analisador-de-umidades-moc63u-002g-a-60g\/\" \/>\n<meta property=\"og:locale\" content=\"pt_BR\" \/>\n<meta property=\"og:type\" content=\"article\" \/>\n<meta property=\"og:title\" content=\"ANALISADOR DE UMIDADE MOC63U - Bio e Qu\u00edmica\" \/>\n<meta property=\"og:description\" content=\"Analisador de Umidade Shimadzu MOC63u com capacidade de 60g e precis\u00e3o de leitura selecion\u00e1vel de 0,01% ou 0,1%. Ideal para diversos tipos de amostras.\" \/>\n<meta property=\"og:url\" content=\"https:\/\/www.bioequimica.com.br\/site\/produto\/analisador-de-umidades-moc63u-002g-a-60g\/\" \/>\n<meta property=\"og:site_name\" content=\"Bio e Qu\u00edmica\" \/>\n<meta property=\"article:modified_time\" content=\"2024-10-17T19:04:51+00:00\" \/>\n<meta property=\"og:image\" content=\"https:\/\/www.bioequimica.com.br\/site\/wp-content\/uploads\/2021\/07\/moc63u-1.jpg\" \/>\n\t<meta property=\"og:image:width\" content=\"380\" \/>\n\t<meta property=\"og:image:height\" content=\"330\" \/>\n\t<meta property=\"og:image:type\" content=\"image\/jpeg\" \/>\n<meta name=\"twitter:card\" content=\"summary_large_image\" \/>\n<meta name=\"twitter:label1\" content=\"Est. tempo de leitura\" \/>\n\t<meta name=\"twitter:data1\" content=\"4 minutos\" \/>\n<script type=\"application\/ld+json\" class=\"yoast-schema-graph\">{\"@context\":\"https:\/\/schema.org\",\"@graph\":[{\"@type\":\"WebPage\",\"@id\":\"https:\/\/www.bioequimica.com.br\/site\/produto\/analisador-de-umidades-moc63u-002g-a-60g\/\",\"url\":\"https:\/\/www.bioequimica.com.br\/site\/produto\/analisador-de-umidades-moc63u-002g-a-60g\/\",\"name\":\"ANALISADOR DE UMIDADE MOC63U - Bio e Qu\u00edmica\",\"isPartOf\":{\"@id\":\"https:\/\/www.bioequimica.com.br\/site\/#website\"},\"primaryImageOfPage\":{\"@id\":\"https:\/\/www.bioequimica.com.br\/site\/produto\/analisador-de-umidades-moc63u-002g-a-60g\/#primaryimage\"},\"image\":{\"@id\":\"https:\/\/www.bioequimica.com.br\/site\/produto\/analisador-de-umidades-moc63u-002g-a-60g\/#primaryimage\"},\"thumbnailUrl\":\"https:\/\/www.bioequimica.com.br\/site\/wp-content\/uploads\/2021\/07\/moc63u-1.jpg\",\"datePublished\":\"2021-07-05T17:39:01+00:00\",\"dateModified\":\"2024-10-17T19:04:51+00:00\",\"description\":\"Analisador de Umidade Shimadzu MOC63u com capacidade de 60g e precis\u00e3o de leitura selecion\u00e1vel de 0,01% ou 0,1%. Ideal para diversos tipos de amostras.\",\"breadcrumb\":{\"@id\":\"https:\/\/www.bioequimica.com.br\/site\/produto\/analisador-de-umidades-moc63u-002g-a-60g\/#breadcrumb\"},\"inLanguage\":\"pt-BR\",\"potentialAction\":[{\"@type\":\"ReadAction\",\"target\":[\"https:\/\/www.bioequimica.com.br\/site\/produto\/analisador-de-umidades-moc63u-002g-a-60g\/\"]}]},{\"@type\":\"ImageObject\",\"inLanguage\":\"pt-BR\",\"@id\":\"https:\/\/www.bioequimica.com.br\/site\/produto\/analisador-de-umidades-moc63u-002g-a-60g\/#primaryimage\",\"url\":\"https:\/\/www.bioequimica.com.br\/site\/wp-content\/uploads\/2021\/07\/moc63u-1.jpg\",\"contentUrl\":\"https:\/\/www.bioequimica.com.br\/site\/wp-content\/uploads\/2021\/07\/moc63u-1.jpg\",\"width\":380,\"height\":330},{\"@type\":\"BreadcrumbList\",\"@id\":\"https:\/\/www.bioequimica.com.br\/site\/produto\/analisador-de-umidades-moc63u-002g-a-60g\/#breadcrumb\",\"itemListElement\":[{\"@type\":\"ListItem\",\"position\":1,\"name\":\"In\u00edcio\",\"item\":\"https:\/\/www.bioequimica.com.br\/site\/\"},{\"@type\":\"ListItem\",\"position\":2,\"name\":\"Shop\",\"item\":\"https:\/\/www.bioequimica.com.br\/site\/shop\/\"},{\"@type\":\"ListItem\",\"position\":3,\"name\":\"BALAN\u00c7A DE UMIDADE MOC63U CAPACIDADE DE 0,02g \u00e1 60g\"}]},{\"@type\":\"WebSite\",\"@id\":\"https:\/\/www.bioequimica.com.br\/site\/#website\",\"url\":\"https:\/\/www.bioequimica.com.br\/site\/\",\"name\":\"Bio e Qu\u00edmica\",\"description\":\"Revenda Autorizada Shimadzu, Nasco,Boeco\",\"publisher\":{\"@id\":\"https:\/\/www.bioequimica.com.br\/site\/#organization\"},\"potentialAction\":[{\"@type\":\"SearchAction\",\"target\":{\"@type\":\"EntryPoint\",\"urlTemplate\":\"https:\/\/www.bioequimica.com.br\/site\/?s={search_term_string}\"},\"query-input\":{\"@type\":\"PropertyValueSpecification\",\"valueRequired\":true,\"valueName\":\"search_term_string\"}}],\"inLanguage\":\"pt-BR\"},{\"@type\":\"Organization\",\"@id\":\"https:\/\/www.bioequimica.com.br\/site\/#organization\",\"name\":\"BioeQuimica Com\u00e9rcio de Produtos para Laborat\u00f3rio Ltda\",\"url\":\"https:\/\/www.bioequimica.com.br\/site\/\",\"logo\":{\"@type\":\"ImageObject\",\"inLanguage\":\"pt-BR\",\"@id\":\"https:\/\/www.bioequimica.com.br\/site\/#\/schema\/logo\/image\/\",\"url\":\"https:\/\/www.bioequimica.com.br\/site\/wp-content\/uploads\/2019\/10\/bioequimica.svg\",\"contentUrl\":\"https:\/\/www.bioequimica.com.br\/site\/wp-content\/uploads\/2019\/10\/bioequimica.svg\",\"width\":500,\"height\":143,\"caption\":\"BioeQuimica Com\u00e9rcio de Produtos para Laborat\u00f3rio Ltda\"},\"image\":{\"@id\":\"https:\/\/www.bioequimica.com.br\/site\/#\/schema\/logo\/image\/\"}}]}<\/script>\n<!-- \/ Yoast SEO plugin. -->","yoast_head_json":{"title":"ANALISADOR DE UMIDADE MOC63U - Bio e Qu\u00edmica","description":"Analisador de Umidade Shimadzu MOC63u com capacidade de 60g e precis\u00e3o de leitura selecion\u00e1vel de 0,01% ou 0,1%. Ideal para diversos tipos de amostras.","robots":{"index":"index","follow":"follow","max-snippet":"max-snippet:-1","max-image-preview":"max-image-preview:large","max-video-preview":"max-video-preview:-1"},"canonical":"https:\/\/www.bioequimica.com.br\/site\/produto\/analisador-de-umidades-moc63u-002g-a-60g\/","og_locale":"pt_BR","og_type":"article","og_title":"ANALISADOR DE UMIDADE MOC63U - Bio e Qu\u00edmica","og_description":"Analisador de Umidade Shimadzu MOC63u com capacidade de 60g e precis\u00e3o de leitura selecion\u00e1vel de 0,01% ou 0,1%. Ideal para diversos tipos de amostras.","og_url":"https:\/\/www.bioequimica.com.br\/site\/produto\/analisador-de-umidades-moc63u-002g-a-60g\/","og_site_name":"Bio e Qu\u00edmica","article_modified_time":"2024-10-17T19:04:51+00:00","og_image":[{"width":380,"height":330,"url":"https:\/\/www.bioequimica.com.br\/site\/wp-content\/uploads\/2021\/07\/moc63u-1.jpg","type":"image\/jpeg"}],"twitter_card":"summary_large_image","twitter_misc":{"Est. tempo de leitura":"4 minutos"},"schema":{"@context":"https:\/\/schema.org","@graph":[{"@type":"WebPage","@id":"https:\/\/www.bioequimica.com.br\/site\/produto\/analisador-de-umidades-moc63u-002g-a-60g\/","url":"https:\/\/www.bioequimica.com.br\/site\/produto\/analisador-de-umidades-moc63u-002g-a-60g\/","name":"ANALISADOR DE UMIDADE MOC63U - Bio e Qu\u00edmica","isPartOf":{"@id":"https:\/\/www.bioequimica.com.br\/site\/#website"},"primaryImageOfPage":{"@id":"https:\/\/www.bioequimica.com.br\/site\/produto\/analisador-de-umidades-moc63u-002g-a-60g\/#primaryimage"},"image":{"@id":"https:\/\/www.bioequimica.com.br\/site\/produto\/analisador-de-umidades-moc63u-002g-a-60g\/#primaryimage"},"thumbnailUrl":"https:\/\/www.bioequimica.com.br\/site\/wp-content\/uploads\/2021\/07\/moc63u-1.jpg","datePublished":"2021-07-05T17:39:01+00:00","dateModified":"2024-10-17T19:04:51+00:00","description":"Analisador de Umidade Shimadzu MOC63u com capacidade de 60g e precis\u00e3o de leitura selecion\u00e1vel de 0,01% ou 0,1%. Ideal para diversos tipos de amostras.","breadcrumb":{"@id":"https:\/\/www.bioequimica.com.br\/site\/produto\/analisador-de-umidades-moc63u-002g-a-60g\/#breadcrumb"},"inLanguage":"pt-BR","potentialAction":[{"@type":"ReadAction","target":["https:\/\/www.bioequimica.com.br\/site\/produto\/analisador-de-umidades-moc63u-002g-a-60g\/"]}]},{"@type":"ImageObject","inLanguage":"pt-BR","@id":"https:\/\/www.bioequimica.com.br\/site\/produto\/analisador-de-umidades-moc63u-002g-a-60g\/#primaryimage","url":"https:\/\/www.bioequimica.com.br\/site\/wp-content\/uploads\/2021\/07\/moc63u-1.jpg","contentUrl":"https:\/\/www.bioequimica.com.br\/site\/wp-content\/uploads\/2021\/07\/moc63u-1.jpg","width":380,"height":330},{"@type":"BreadcrumbList","@id":"https:\/\/www.bioequimica.com.br\/site\/produto\/analisador-de-umidades-moc63u-002g-a-60g\/#breadcrumb","itemListElement":[{"@type":"ListItem","position":1,"name":"In\u00edcio","item":"https:\/\/www.bioequimica.com.br\/site\/"},{"@type":"ListItem","position":2,"name":"Shop","item":"https:\/\/www.bioequimica.com.br\/site\/shop\/"},{"@type":"ListItem","position":3,"name":"BALAN\u00c7A DE UMIDADE MOC63U CAPACIDADE DE 0,02g \u00e1 60g"}]},{"@type":"WebSite","@id":"https:\/\/www.bioequimica.com.br\/site\/#website","url":"https:\/\/www.bioequimica.com.br\/site\/","name":"Bio e Qu\u00edmica","description":"Revenda Autorizada Shimadzu, Nasco,Boeco","publisher":{"@id":"https:\/\/www.bioequimica.com.br\/site\/#organization"},"potentialAction":[{"@type":"SearchAction","target":{"@type":"EntryPoint","urlTemplate":"https:\/\/www.bioequimica.com.br\/site\/?s={search_term_string}"},"query-input":{"@type":"PropertyValueSpecification","valueRequired":true,"valueName":"search_term_string"}}],"inLanguage":"pt-BR"},{"@type":"Organization","@id":"https:\/\/www.bioequimica.com.br\/site\/#organization","name":"BioeQuimica Com\u00e9rcio de Produtos para Laborat\u00f3rio Ltda","url":"https:\/\/www.bioequimica.com.br\/site\/","logo":{"@type":"ImageObject","inLanguage":"pt-BR","@id":"https:\/\/www.bioequimica.com.br\/site\/#\/schema\/logo\/image\/","url":"https:\/\/www.bioequimica.com.br\/site\/wp-content\/uploads\/2019\/10\/bioequimica.svg","contentUrl":"https:\/\/www.bioequimica.com.br\/site\/wp-content\/uploads\/2019\/10\/bioequimica.svg","width":500,"height":143,"caption":"BioeQuimica Com\u00e9rcio de Produtos para Laborat\u00f3rio Ltda"},"image":{"@id":"https:\/\/www.bioequimica.com.br\/site\/#\/schema\/logo\/image\/"}}]}},"_links":{"self":[{"href":"https:\/\/www.bioequimica.com.br\/site\/wp-json\/wp\/v2\/product\/2018"}],"collection":[{"href":"https:\/\/www.bioequimica.com.br\/site\/wp-json\/wp\/v2\/product"}],"about":[{"href":"https:\/\/www.bioequimica.com.br\/site\/wp-json\/wp\/v2\/types\/product"}],"replies":[{"embeddable":true,"href":"https:\/\/www.bioequimica.com.br\/site\/wp-json\/wp\/v2\/comments?post=2018"}],"wp:featuredmedia":[{"embeddable":true,"href":"https:\/\/www.bioequimica.com.br\/site\/wp-json\/wp\/v2\/media\/2764"}],"wp:attachment":[{"href":"https:\/\/www.bioequimica.com.br\/site\/wp-json\/wp\/v2\/media?parent=2018"}],"wp:term":[{"taxonomy":"product_brand","embeddable":true,"href":"https:\/\/www.bioequimica.com.br\/site\/wp-json\/wp\/v2\/product_brand?post=2018"},{"taxonomy":"product_cat","embeddable":true,"href":"https:\/\/www.bioequimica.com.br\/site\/wp-json\/wp\/v2\/product_cat?post=2018"},{"taxonomy":"product_tag","embeddable":true,"href":"https:\/\/www.bioequimica.com.br\/site\/wp-json\/wp\/v2\/product_tag?post=2018"}],"curies":[{"name":"wp","href":"https:\/\/api.w.org\/{rel}","templated":true}]}}