{"id":2057,"date":"2021-07-12T16:19:43","date_gmt":"2021-07-12T19:19:43","guid":{"rendered":"https:\/\/www.bioequimica.com.br\/site\/?post_type=product&#038;p=2057"},"modified":"2024-08-13T17:36:23","modified_gmt":"2024-08-13T20:36:23","slug":"vial-microglass-clear-com-rosca-225x76mm-crimp","status":"publish","type":"product","link":"https:\/\/www.bioequimica.com.br\/site\/produto\/vial-microglass-clear-com-rosca-225x76mm-crimp\/","title":{"rendered":"VIAL  MICROGLASS CLEAR HEADSPACE  CRIMP  20MM  22,5X76MM"},"content":{"rendered":"<p><strong>Vial Clear Headspace Crimp<\/strong><\/p>\n<p><strong>Marca:<\/strong> Microglass<br \/>\n<strong>Modelo:<\/strong> MG 11.301<br \/>\n<strong>Tipo:<\/strong> Vial com Fundo Chato e Boca Plana<br \/>\n<strong>Boca:<\/strong> 20 mm<br \/>\n<strong>Capacidade:<\/strong> 20 ml<\/p>\n<p>A Microglass projeta os Vials MG 11.301 para oferecer um desempenho superior em uma ampla gama de aplica\u00e7\u00f5es industriais. Esses vials, com capacidade de 20 ml, apresentam um design com fundo chato e boca plana de 20 mm. Esse design n\u00e3o s\u00f3 garante uma veda\u00e7\u00e3o segura, mas tamb\u00e9m facilita a manipula\u00e7\u00e3o eficiente, proporcionando uma solu\u00e7\u00e3o pr\u00e1tica para o armazenamento e transporte de amostras.<\/p>\n<p>Al\u00e9m disso, a Microglass fabrica os Vials MG 11.301 com vidro borosilicato USP Tipo I, oferecendo-os em tr\u00eas op\u00e7\u00f5es distintas: Clear, \u00c2mbar e Polipropileno (PP). O modelo Clear proporciona excelente visibilidade do conte\u00fado, tornando a inspe\u00e7\u00e3o e o monitoramento das amostras mais f\u00e1ceis. Por outro lado, o modelo \u00c2mbar protege as amostras sens\u00edveis \u00e0 luz, prevenindo a degrada\u00e7\u00e3o e garantindo a integridade das amostras. Para situa\u00e7\u00f5es que demandam maior resist\u00eancia, a op\u00e7\u00e3o Polipropileno (PP) se destaca por sua durabilidade e resist\u00eancia a impactos.<\/p>\n<p>Esses vials s\u00e3o altamente vers\u00e1teis e se adaptam a diversas necessidades nos setores farmac\u00eautico, qu\u00edmico e laboratorial. Eles s\u00e3o ideais para armazenar e transportar uma ampla variedade de amostras, reagentes e produtos qu\u00edmicos. Portanto, ao escolher os Vials Microglass MG 11.301, voc\u00ea assegura n\u00e3o apenas a prote\u00e7\u00e3o e a integridade das amostras, mas tamb\u00e9m a precis\u00e3o dos resultados dos seus testes e an\u00e1lises.<\/p>\n<p>Ao optar pelo Vial Clear Headspace Crimp Microglass MG 11.301, voc\u00ea garante um produto que combina qualidade, efici\u00eancia e inova\u00e7\u00e3o, atendendo \u00e0s suas necessidades espec\u00edficas em diferentes contextos industriais e laboratoriais.<\/p>\n","protected":false},"excerpt":{"rendered":"<p>Estes vials possuem dimens\u00f5es de 22,5 mm de largura e 76 mm de altura, com capacidade de 20,0 ml , auxiliar\u00e3o e facilitar\u00e3o na cromatografia necess\u00e1ria.<\/p>\n","protected":false},"featured_media":2059,"comment_status":"open","ping_status":"closed","template":"","meta":{"_monsterinsights_skip_tracking":false,"_monsterinsights_sitenote_active":false,"_monsterinsights_sitenote_note":"","_monsterinsights_sitenote_category":0},"product_brand":[],"product_cat":[102,105],"product_tag":[],"class_list":{"0":"post-2057","1":"product","2":"type-product","3":"status-publish","4":"has-post-thumbnail","6":"product_cat-microglass","7":"product_cat-vials-de-crimp","9":"first","10":"instock","11":"shipping-taxable","12":"product-type-simple"},"yoast_head":"<!-- This site is optimized with the Yoast SEO plugin v25.5 - https:\/\/yoast.com\/wordpress\/plugins\/seo\/ -->\n<title>VIAL CLEAR HEADSPACE CRIMP MICROGLASS - Bio e Qu\u00edmica<\/title>\n<meta name=\"description\" content=\"Vial Clear Headspace de 20 ml com fechamento crimp e sem gradua\u00e7\u00e3o, com dimens\u00f5es de 22,5 x 76 mm. Ideal para uso em diversos segmentos industriais.\" \/>\n<meta name=\"robots\" content=\"index, follow, max-snippet:-1, max-image-preview:large, max-video-preview:-1\" \/>\n<link rel=\"canonical\" href=\"https:\/\/www.bioequimica.com.br\/site\/produto\/vial-microglass-clear-com-rosca-225x76mm-crimp\/\" \/>\n<meta property=\"og:locale\" content=\"pt_BR\" \/>\n<meta property=\"og:type\" content=\"article\" \/>\n<meta property=\"og:title\" content=\"VIAL CLEAR HEADSPACE CRIMP MICROGLASS - Bio e Qu\u00edmica\" \/>\n<meta property=\"og:description\" content=\"Vial Clear Headspace de 20 ml com fechamento crimp e sem gradua\u00e7\u00e3o, com dimens\u00f5es de 22,5 x 76 mm. Ideal para uso em diversos segmentos industriais.\" \/>\n<meta property=\"og:url\" content=\"https:\/\/www.bioequimica.com.br\/site\/produto\/vial-microglass-clear-com-rosca-225x76mm-crimp\/\" \/>\n<meta property=\"og:site_name\" content=\"Bio e Qu\u00edmica\" \/>\n<meta property=\"article:modified_time\" content=\"2024-08-13T20:36:23+00:00\" \/>\n<meta property=\"og:image\" content=\"https:\/\/www.bioequimica.com.br\/site\/wp-content\/uploads\/2021\/07\/vial-11.301-correto.jpg\" \/>\n\t<meta property=\"og:image:width\" content=\"1240\" \/>\n\t<meta property=\"og:image:height\" content=\"1240\" \/>\n\t<meta property=\"og:image:type\" content=\"image\/jpeg\" \/>\n<meta name=\"twitter:card\" content=\"summary_large_image\" \/>\n<meta name=\"twitter:label1\" content=\"Est. tempo de leitura\" \/>\n\t<meta name=\"twitter:data1\" content=\"2 minutos\" \/>\n<script type=\"application\/ld+json\" class=\"yoast-schema-graph\">{\"@context\":\"https:\/\/schema.org\",\"@graph\":[{\"@type\":\"WebPage\",\"@id\":\"https:\/\/www.bioequimica.com.br\/site\/produto\/vial-microglass-clear-com-rosca-225x76mm-crimp\/\",\"url\":\"https:\/\/www.bioequimica.com.br\/site\/produto\/vial-microglass-clear-com-rosca-225x76mm-crimp\/\",\"name\":\"VIAL CLEAR HEADSPACE CRIMP MICROGLASS - Bio e Qu\u00edmica\",\"isPartOf\":{\"@id\":\"https:\/\/www.bioequimica.com.br\/site\/#website\"},\"primaryImageOfPage\":{\"@id\":\"https:\/\/www.bioequimica.com.br\/site\/produto\/vial-microglass-clear-com-rosca-225x76mm-crimp\/#primaryimage\"},\"image\":{\"@id\":\"https:\/\/www.bioequimica.com.br\/site\/produto\/vial-microglass-clear-com-rosca-225x76mm-crimp\/#primaryimage\"},\"thumbnailUrl\":\"https:\/\/www.bioequimica.com.br\/site\/wp-content\/uploads\/2021\/07\/vial-11.301-correto.jpg\",\"datePublished\":\"2021-07-12T19:19:43+00:00\",\"dateModified\":\"2024-08-13T20:36:23+00:00\",\"description\":\"Vial Clear Headspace de 20 ml com fechamento crimp e sem gradua\u00e7\u00e3o, com dimens\u00f5es de 22,5 x 76 mm. Ideal para uso em diversos segmentos industriais.\",\"breadcrumb\":{\"@id\":\"https:\/\/www.bioequimica.com.br\/site\/produto\/vial-microglass-clear-com-rosca-225x76mm-crimp\/#breadcrumb\"},\"inLanguage\":\"pt-BR\",\"potentialAction\":[{\"@type\":\"ReadAction\",\"target\":[\"https:\/\/www.bioequimica.com.br\/site\/produto\/vial-microglass-clear-com-rosca-225x76mm-crimp\/\"]}]},{\"@type\":\"ImageObject\",\"inLanguage\":\"pt-BR\",\"@id\":\"https:\/\/www.bioequimica.com.br\/site\/produto\/vial-microglass-clear-com-rosca-225x76mm-crimp\/#primaryimage\",\"url\":\"https:\/\/www.bioequimica.com.br\/site\/wp-content\/uploads\/2021\/07\/vial-11.301-correto.jpg\",\"contentUrl\":\"https:\/\/www.bioequimica.com.br\/site\/wp-content\/uploads\/2021\/07\/vial-11.301-correto.jpg\",\"width\":1240,\"height\":1240},{\"@type\":\"BreadcrumbList\",\"@id\":\"https:\/\/www.bioequimica.com.br\/site\/produto\/vial-microglass-clear-com-rosca-225x76mm-crimp\/#breadcrumb\",\"itemListElement\":[{\"@type\":\"ListItem\",\"position\":1,\"name\":\"In\u00edcio\",\"item\":\"https:\/\/www.bioequimica.com.br\/site\/\"},{\"@type\":\"ListItem\",\"position\":2,\"name\":\"Shop\",\"item\":\"https:\/\/www.bioequimica.com.br\/site\/shop\/\"},{\"@type\":\"ListItem\",\"position\":3,\"name\":\"VIAL MICROGLASS CLEAR HEADSPACE CRIMP 20MM 22,5X76MM\"}]},{\"@type\":\"WebSite\",\"@id\":\"https:\/\/www.bioequimica.com.br\/site\/#website\",\"url\":\"https:\/\/www.bioequimica.com.br\/site\/\",\"name\":\"Bio e Qu\u00edmica\",\"description\":\"Revenda Autorizada Shimadzu, Nasco,Boeco\",\"publisher\":{\"@id\":\"https:\/\/www.bioequimica.com.br\/site\/#organization\"},\"potentialAction\":[{\"@type\":\"SearchAction\",\"target\":{\"@type\":\"EntryPoint\",\"urlTemplate\":\"https:\/\/www.bioequimica.com.br\/site\/?s={search_term_string}\"},\"query-input\":{\"@type\":\"PropertyValueSpecification\",\"valueRequired\":true,\"valueName\":\"search_term_string\"}}],\"inLanguage\":\"pt-BR\"},{\"@type\":\"Organization\",\"@id\":\"https:\/\/www.bioequimica.com.br\/site\/#organization\",\"name\":\"BioeQuimica Com\u00e9rcio de Produtos para Laborat\u00f3rio Ltda\",\"url\":\"https:\/\/www.bioequimica.com.br\/site\/\",\"logo\":{\"@type\":\"ImageObject\",\"inLanguage\":\"pt-BR\",\"@id\":\"https:\/\/www.bioequimica.com.br\/site\/#\/schema\/logo\/image\/\",\"url\":\"https:\/\/www.bioequimica.com.br\/site\/wp-content\/uploads\/2019\/10\/bioequimica.svg\",\"contentUrl\":\"https:\/\/www.bioequimica.com.br\/site\/wp-content\/uploads\/2019\/10\/bioequimica.svg\",\"width\":500,\"height\":143,\"caption\":\"BioeQuimica Com\u00e9rcio de Produtos para Laborat\u00f3rio Ltda\"},\"image\":{\"@id\":\"https:\/\/www.bioequimica.com.br\/site\/#\/schema\/logo\/image\/\"}}]}<\/script>\n<!-- \/ Yoast SEO plugin. -->","yoast_head_json":{"title":"VIAL CLEAR HEADSPACE CRIMP MICROGLASS - Bio e Qu\u00edmica","description":"Vial Clear Headspace de 20 ml com fechamento crimp e sem gradua\u00e7\u00e3o, com dimens\u00f5es de 22,5 x 76 mm. Ideal para uso em diversos segmentos industriais.","robots":{"index":"index","follow":"follow","max-snippet":"max-snippet:-1","max-image-preview":"max-image-preview:large","max-video-preview":"max-video-preview:-1"},"canonical":"https:\/\/www.bioequimica.com.br\/site\/produto\/vial-microglass-clear-com-rosca-225x76mm-crimp\/","og_locale":"pt_BR","og_type":"article","og_title":"VIAL CLEAR HEADSPACE CRIMP MICROGLASS - Bio e Qu\u00edmica","og_description":"Vial Clear Headspace de 20 ml com fechamento crimp e sem gradua\u00e7\u00e3o, com dimens\u00f5es de 22,5 x 76 mm. Ideal para uso em diversos segmentos industriais.","og_url":"https:\/\/www.bioequimica.com.br\/site\/produto\/vial-microglass-clear-com-rosca-225x76mm-crimp\/","og_site_name":"Bio e Qu\u00edmica","article_modified_time":"2024-08-13T20:36:23+00:00","og_image":[{"width":1240,"height":1240,"url":"https:\/\/www.bioequimica.com.br\/site\/wp-content\/uploads\/2021\/07\/vial-11.301-correto.jpg","type":"image\/jpeg"}],"twitter_card":"summary_large_image","twitter_misc":{"Est. tempo de leitura":"2 minutos"},"schema":{"@context":"https:\/\/schema.org","@graph":[{"@type":"WebPage","@id":"https:\/\/www.bioequimica.com.br\/site\/produto\/vial-microglass-clear-com-rosca-225x76mm-crimp\/","url":"https:\/\/www.bioequimica.com.br\/site\/produto\/vial-microglass-clear-com-rosca-225x76mm-crimp\/","name":"VIAL CLEAR HEADSPACE CRIMP MICROGLASS - Bio e Qu\u00edmica","isPartOf":{"@id":"https:\/\/www.bioequimica.com.br\/site\/#website"},"primaryImageOfPage":{"@id":"https:\/\/www.bioequimica.com.br\/site\/produto\/vial-microglass-clear-com-rosca-225x76mm-crimp\/#primaryimage"},"image":{"@id":"https:\/\/www.bioequimica.com.br\/site\/produto\/vial-microglass-clear-com-rosca-225x76mm-crimp\/#primaryimage"},"thumbnailUrl":"https:\/\/www.bioequimica.com.br\/site\/wp-content\/uploads\/2021\/07\/vial-11.301-correto.jpg","datePublished":"2021-07-12T19:19:43+00:00","dateModified":"2024-08-13T20:36:23+00:00","description":"Vial Clear Headspace de 20 ml com fechamento crimp e sem gradua\u00e7\u00e3o, com dimens\u00f5es de 22,5 x 76 mm. Ideal para uso em diversos segmentos industriais.","breadcrumb":{"@id":"https:\/\/www.bioequimica.com.br\/site\/produto\/vial-microglass-clear-com-rosca-225x76mm-crimp\/#breadcrumb"},"inLanguage":"pt-BR","potentialAction":[{"@type":"ReadAction","target":["https:\/\/www.bioequimica.com.br\/site\/produto\/vial-microglass-clear-com-rosca-225x76mm-crimp\/"]}]},{"@type":"ImageObject","inLanguage":"pt-BR","@id":"https:\/\/www.bioequimica.com.br\/site\/produto\/vial-microglass-clear-com-rosca-225x76mm-crimp\/#primaryimage","url":"https:\/\/www.bioequimica.com.br\/site\/wp-content\/uploads\/2021\/07\/vial-11.301-correto.jpg","contentUrl":"https:\/\/www.bioequimica.com.br\/site\/wp-content\/uploads\/2021\/07\/vial-11.301-correto.jpg","width":1240,"height":1240},{"@type":"BreadcrumbList","@id":"https:\/\/www.bioequimica.com.br\/site\/produto\/vial-microglass-clear-com-rosca-225x76mm-crimp\/#breadcrumb","itemListElement":[{"@type":"ListItem","position":1,"name":"In\u00edcio","item":"https:\/\/www.bioequimica.com.br\/site\/"},{"@type":"ListItem","position":2,"name":"Shop","item":"https:\/\/www.bioequimica.com.br\/site\/shop\/"},{"@type":"ListItem","position":3,"name":"VIAL MICROGLASS CLEAR HEADSPACE CRIMP 20MM 22,5X76MM"}]},{"@type":"WebSite","@id":"https:\/\/www.bioequimica.com.br\/site\/#website","url":"https:\/\/www.bioequimica.com.br\/site\/","name":"Bio e Qu\u00edmica","description":"Revenda Autorizada Shimadzu, Nasco,Boeco","publisher":{"@id":"https:\/\/www.bioequimica.com.br\/site\/#organization"},"potentialAction":[{"@type":"SearchAction","target":{"@type":"EntryPoint","urlTemplate":"https:\/\/www.bioequimica.com.br\/site\/?s={search_term_string}"},"query-input":{"@type":"PropertyValueSpecification","valueRequired":true,"valueName":"search_term_string"}}],"inLanguage":"pt-BR"},{"@type":"Organization","@id":"https:\/\/www.bioequimica.com.br\/site\/#organization","name":"BioeQuimica Com\u00e9rcio de Produtos para Laborat\u00f3rio Ltda","url":"https:\/\/www.bioequimica.com.br\/site\/","logo":{"@type":"ImageObject","inLanguage":"pt-BR","@id":"https:\/\/www.bioequimica.com.br\/site\/#\/schema\/logo\/image\/","url":"https:\/\/www.bioequimica.com.br\/site\/wp-content\/uploads\/2019\/10\/bioequimica.svg","contentUrl":"https:\/\/www.bioequimica.com.br\/site\/wp-content\/uploads\/2019\/10\/bioequimica.svg","width":500,"height":143,"caption":"BioeQuimica Com\u00e9rcio de Produtos para Laborat\u00f3rio Ltda"},"image":{"@id":"https:\/\/www.bioequimica.com.br\/site\/#\/schema\/logo\/image\/"}}]}},"_links":{"self":[{"href":"https:\/\/www.bioequimica.com.br\/site\/wp-json\/wp\/v2\/product\/2057"}],"collection":[{"href":"https:\/\/www.bioequimica.com.br\/site\/wp-json\/wp\/v2\/product"}],"about":[{"href":"https:\/\/www.bioequimica.com.br\/site\/wp-json\/wp\/v2\/types\/product"}],"replies":[{"embeddable":true,"href":"https:\/\/www.bioequimica.com.br\/site\/wp-json\/wp\/v2\/comments?post=2057"}],"wp:featuredmedia":[{"embeddable":true,"href":"https:\/\/www.bioequimica.com.br\/site\/wp-json\/wp\/v2\/media\/2059"}],"wp:attachment":[{"href":"https:\/\/www.bioequimica.com.br\/site\/wp-json\/wp\/v2\/media?parent=2057"}],"wp:term":[{"taxonomy":"product_brand","embeddable":true,"href":"https:\/\/www.bioequimica.com.br\/site\/wp-json\/wp\/v2\/product_brand?post=2057"},{"taxonomy":"product_cat","embeddable":true,"href":"https:\/\/www.bioequimica.com.br\/site\/wp-json\/wp\/v2\/product_cat?post=2057"},{"taxonomy":"product_tag","embeddable":true,"href":"https:\/\/www.bioequimica.com.br\/site\/wp-json\/wp\/v2\/product_tag?post=2057"}],"curies":[{"name":"wp","href":"https:\/\/api.w.org\/{rel}","templated":true}]}}