{"id":2188,"date":"2021-07-30T16:03:31","date_gmt":"2021-07-30T19:03:31","guid":{"rendered":"https:\/\/www.bioequimica.com.br\/site\/?post_type=product&#038;p=2188"},"modified":"2024-08-21T15:35:01","modified_gmt":"2024-08-21T18:35:01","slug":"filtro-seringa-em-ptfe-teflon-hidrofilica-045-micras-e-25mm","status":"publish","type":"product","link":"https:\/\/www.bioequimica.com.br\/site\/produto\/filtro-seringa-em-ptfe-teflon-hidrofilica-045-micras-e-25mm\/","title":{"rendered":"FILTRO SERINGA EM PTFE (TEFLON) HIDROF\u00cdLICA 0,45 MICRAS E 25MM"},"content":{"rendered":"<p><strong>FILTRO SERINGA EM PTFE (TEFLON) HIDROF\u00cdLICA 0,45 MICRAS E 25MM<\/strong><\/p>\n<ul>\n<li>Marca: Microfilters<\/li>\n<li>Modelo: Filtro Seringa<\/li>\n<li>Medidas: 0,45 micras 25mm<\/li>\n<li>Corpo em PP<\/li>\n<li>Caixa com 100 unidades<\/li>\n<\/ul>\n<p><strong>Aplica\u00e7\u00f5es Principais:<\/strong><\/p>\n<ul>\n<li><strong>Prepara\u00e7\u00e3o de Amostras para HPLC:<\/strong> Este filtro \u00e9 perfeito para garantir a pureza das amostras em cromatografia l\u00edquida de alta performance. Portanto, ele melhora a qualidade dos resultados obtidos.<\/li>\n<li><strong>Controle de Qualidade:<\/strong> Al\u00e9m disso, \u00e9 adequado para aplica\u00e7\u00f5es rotineiras em controle de qualidade, assegurando resultados consistentes e confi\u00e1veis.<\/li>\n<li><strong>Uniformidade de Conte\u00fado:<\/strong> Contribui para a manuten\u00e7\u00e3o da uniformidade das amostras, o que, por sua vez, aprimora a precis\u00e3o das an\u00e1lises.<\/li>\n<li><strong>Remo\u00e7\u00e3o de Precipitados de Prote\u00ednas:<\/strong> Eficaz na elimina\u00e7\u00e3o de precipitados de prote\u00ednas, evitando, assim, comprometer a qualidade dos resultados.<\/li>\n<li><strong>Testes de Dissolu\u00e7\u00e3o e An\u00e1lise de Alimentos:<\/strong> Facilita testes rigorosos e an\u00e1lises de alimentos, garantindo resultados precisos e confi\u00e1veis.<\/li>\n<li><strong>An\u00e1lise de Biocombust\u00edveis e Ambientais:<\/strong> Ideal para avalia\u00e7\u00f5es espec\u00edficas, como biocombust\u00edveis e an\u00e1lises ambientais, oferecendo alta qualidade e confiabilidade.<\/li>\n<\/ul>\n<p>Portanto, este filtro de seringa em PTFE (teflon) \u00e9 a escolha perfeita para quem busca alta efici\u00eancia e precis\u00e3o em processos laboratoriais variados, assegurando resultados de alta qualidade em cada aplica\u00e7\u00e3o.<\/p>\n<table style=\"width=50%; min-width: 600px;\">\n<tbody>\n<tr>\n<td width=\"32%\"><strong>Elementos Qu\u00edmicos<\/strong><\/td>\n<td width=\"12%\"><strong>NYLON<\/strong><\/td>\n<td width=\"10%\"><strong>PTFE<\/strong><\/td>\n<td width=\"9%\"><strong>PVDF<\/strong><\/td>\n<td width=\"7%\"><strong>PES<\/strong><\/td>\n<td width=\"5%\"><strong>AC<\/strong><\/td>\n<\/tr>\n<tr>\n<td width=\"32%\">Ac\u00e9tico, Glacial<\/td>\n<td width=\"12%\">LC<\/td>\n<td width=\"10%\">C<\/td>\n<td width=\"9%\">C<\/td>\n<td width=\"7%\">C<\/td>\n<td width=\"5%\">IC<\/td>\n<\/tr>\n<tr>\n<td width=\"32%\">Ac\u00e9tico, 25%<\/td>\n<td width=\"12%\">C<\/td>\n<td width=\"10%\">C<\/td>\n<td width=\"9%\">C<\/td>\n<td width=\"7%\">C<\/td>\n<td width=\"5%\">LC<\/td>\n<\/tr>\n<tr>\n<td width=\"32%\">Clor\u00eddrico, Concentrado<\/td>\n<td width=\"12%\">LC<\/td>\n<td width=\"10%\">C<\/td>\n<td width=\"9%\">C<\/td>\n<td width=\"7%\">C<\/td>\n<td width=\"5%\">IC<\/td>\n<\/tr>\n<tr>\n<td width=\"32%\">Clor\u00eddrico, 25%<\/td>\n<td width=\"12%\">LC<\/td>\n<td width=\"10%\">C<\/td>\n<td width=\"9%\">C<\/td>\n<td width=\"7%\">C<\/td>\n<td width=\"5%\">IC<\/td>\n<\/tr>\n<tr>\n<td width=\"32%\">Sulf\u00farico, Concentrado<\/td>\n<td width=\"12%\">LC<\/td>\n<td width=\"10%\">C<\/td>\n<td width=\"9%\">IC<\/td>\n<td width=\"7%\">IC<\/td>\n<td width=\"5%\">IC<\/td>\n<\/tr>\n<tr>\n<td width=\"32%\">Sulf\u00farico, 25%<\/td>\n<td width=\"12%\">LC<\/td>\n<td width=\"10%\">C<\/td>\n<td width=\"9%\">C<\/td>\n<td width=\"7%\">C<\/td>\n<td width=\"5%\">IC<\/td>\n<\/tr>\n<tr>\n<td width=\"32%\">N\u00edtrico, Concentrado<\/td>\n<td width=\"12%\">LC<\/td>\n<td width=\"10%\">C<\/td>\n<td width=\"9%\">C<\/td>\n<td width=\"7%\">IC<\/td>\n<td width=\"5%\">IC<\/td>\n<\/tr>\n<tr>\n<td width=\"32%\">N\u00edtrico, 25%<\/td>\n<td width=\"12%\">LC<\/td>\n<td width=\"10%\">C<\/td>\n<td width=\"9%\">C<\/td>\n<td width=\"7%\">C<\/td>\n<td width=\"5%\">IC<\/td>\n<\/tr>\n<tr>\n<td width=\"32%\">Fosf\u00f3rico, 25%<\/td>\n<td width=\"12%\">LC<\/td>\n<td width=\"10%\">C<\/td>\n<td width=\"9%\">ND<\/td>\n<td width=\"7%\">ND<\/td>\n<td width=\"5%\">C<\/td>\n<\/tr>\n<tr>\n<td width=\"32%\">F\u00f3rmico, 25%<\/td>\n<td width=\"12%\">LC<\/td>\n<td width=\"10%\">C<\/td>\n<td width=\"9%\">ND<\/td>\n<td width=\"7%\">ND<\/td>\n<td width=\"5%\">IC<\/td>\n<\/tr>\n<tr>\n<td width=\"32%\">Tricloroac\u00e9tico, 10%<\/td>\n<td width=\"12%\">LC<\/td>\n<td width=\"10%\">C<\/td>\n<td width=\"9%\">ND<\/td>\n<td width=\"7%\">ND<\/td>\n<td width=\"5%\">C<\/td>\n<\/tr>\n<\/tbody>\n<\/table>\n<h4><strong>Legenda da tabela de compatibilidade<\/strong><\/h4>\n<p><strong>C<\/strong> = Compat\u00edvel<br \/>\n<strong>IC<\/strong> = incompat\u00edvel (n\u00e3o recomendado)<br \/>\n<strong>LC<\/strong> = Compatibilidade Limitada (A membrana pode inchar e encolher)<br \/>\n<strong>ND<\/strong> = N\u00e3o h\u00e1 dados de compatibilidade dispon\u00edveis atualmente<\/p>\n<p style=\"text-align: justify;\">Filtro tipo seringa de excelente qualidade. Oferecemos filtros com membranas cl\u00e1ssicas incluindo Nylon, PTFE, PES, MCE, PVDF, CA, PP e GF em diversas capacidades de filtra\u00e7\u00e3o<\/p>\n","protected":false},"excerpt":{"rendered":"<p style=\"text-align: justify;\">Baixa liga\u00e7\u00e3o \u00e0s prote\u00ednas para filtra\u00e7\u00e3o de compostos org\u00e2nicos aquosos e leves n\u00e3o agressivos. Extra\u00edveis de baixa absor\u00e7\u00e3o de UV e baixa liga\u00e7\u00e3o inespec\u00edfica \u00e0s prote\u00ednas<\/p>\n","protected":false},"featured_media":2193,"comment_status":"open","ping_status":"closed","template":"","meta":{"_monsterinsights_skip_tracking":false,"_monsterinsights_sitenote_active":false,"_monsterinsights_sitenote_note":"","_monsterinsights_sitenote_category":0},"product_brand":[],"product_cat":[108],"product_tag":[],"class_list":{"0":"post-2188","1":"product","2":"type-product","3":"status-publish","4":"has-post-thumbnail","6":"product_cat-microfilters","8":"first","9":"instock","10":"shipping-taxable","11":"product-type-simple"},"yoast_head":"<!-- This site is optimized with the Yoast SEO plugin v25.5 - https:\/\/yoast.com\/wordpress\/plugins\/seo\/ -->\n<title>FILTRO SERINGA EM PTFE (TEFLON) HIDROF\u00cdLICA - Bio e Qu\u00edmica<\/title>\n<meta name=\"description\" content=\"Filtro de seringa em PTFE (Teflon) hidrof\u00edlico com porosidade de 0,45 micras e 25 mm. Em polipropileno (PP), oferecido em uma caixa com 100 unidades.\" \/>\n<meta name=\"robots\" content=\"index, follow, max-snippet:-1, max-image-preview:large, max-video-preview:-1\" \/>\n<link rel=\"canonical\" href=\"https:\/\/www.bioequimica.com.br\/site\/produto\/filtro-seringa-em-ptfe-teflon-hidrofilica-045-micras-e-25mm\/\" \/>\n<meta property=\"og:locale\" content=\"pt_BR\" \/>\n<meta property=\"og:type\" content=\"article\" \/>\n<meta property=\"og:title\" content=\"FILTRO SERINGA EM PTFE (TEFLON) HIDROF\u00cdLICA - Bio e Qu\u00edmica\" \/>\n<meta property=\"og:description\" content=\"Filtro de seringa em PTFE (Teflon) hidrof\u00edlico com porosidade de 0,45 micras e 25 mm. Em polipropileno (PP), oferecido em uma caixa com 100 unidades.\" \/>\n<meta property=\"og:url\" content=\"https:\/\/www.bioequimica.com.br\/site\/produto\/filtro-seringa-em-ptfe-teflon-hidrofilica-045-micras-e-25mm\/\" \/>\n<meta property=\"og:site_name\" content=\"Bio e Qu\u00edmica\" \/>\n<meta property=\"article:modified_time\" content=\"2024-08-21T18:35:01+00:00\" \/>\n<meta property=\"og:image\" content=\"https:\/\/www.bioequimica.com.br\/site\/wp-content\/uploads\/2021\/07\/d.jpg\" \/>\n\t<meta property=\"og:image:width\" content=\"1240\" \/>\n\t<meta property=\"og:image:height\" content=\"1240\" \/>\n\t<meta property=\"og:image:type\" content=\"image\/jpeg\" \/>\n<meta name=\"twitter:card\" content=\"summary_large_image\" \/>\n<meta name=\"twitter:label1\" content=\"Est. tempo de leitura\" \/>\n\t<meta name=\"twitter:data1\" content=\"3 minutos\" \/>\n<script type=\"application\/ld+json\" class=\"yoast-schema-graph\">{\"@context\":\"https:\/\/schema.org\",\"@graph\":[{\"@type\":\"WebPage\",\"@id\":\"https:\/\/www.bioequimica.com.br\/site\/produto\/filtro-seringa-em-ptfe-teflon-hidrofilica-045-micras-e-25mm\/\",\"url\":\"https:\/\/www.bioequimica.com.br\/site\/produto\/filtro-seringa-em-ptfe-teflon-hidrofilica-045-micras-e-25mm\/\",\"name\":\"FILTRO SERINGA EM PTFE (TEFLON) HIDROF\u00cdLICA - Bio e Qu\u00edmica\",\"isPartOf\":{\"@id\":\"https:\/\/www.bioequimica.com.br\/site\/#website\"},\"primaryImageOfPage\":{\"@id\":\"https:\/\/www.bioequimica.com.br\/site\/produto\/filtro-seringa-em-ptfe-teflon-hidrofilica-045-micras-e-25mm\/#primaryimage\"},\"image\":{\"@id\":\"https:\/\/www.bioequimica.com.br\/site\/produto\/filtro-seringa-em-ptfe-teflon-hidrofilica-045-micras-e-25mm\/#primaryimage\"},\"thumbnailUrl\":\"https:\/\/www.bioequimica.com.br\/site\/wp-content\/uploads\/2021\/07\/d.jpg\",\"datePublished\":\"2021-07-30T19:03:31+00:00\",\"dateModified\":\"2024-08-21T18:35:01+00:00\",\"description\":\"Filtro de seringa em PTFE (Teflon) hidrof\u00edlico com porosidade de 0,45 micras e 25 mm. Em polipropileno (PP), oferecido em uma caixa com 100 unidades.\",\"breadcrumb\":{\"@id\":\"https:\/\/www.bioequimica.com.br\/site\/produto\/filtro-seringa-em-ptfe-teflon-hidrofilica-045-micras-e-25mm\/#breadcrumb\"},\"inLanguage\":\"pt-BR\",\"potentialAction\":[{\"@type\":\"ReadAction\",\"target\":[\"https:\/\/www.bioequimica.com.br\/site\/produto\/filtro-seringa-em-ptfe-teflon-hidrofilica-045-micras-e-25mm\/\"]}]},{\"@type\":\"ImageObject\",\"inLanguage\":\"pt-BR\",\"@id\":\"https:\/\/www.bioequimica.com.br\/site\/produto\/filtro-seringa-em-ptfe-teflon-hidrofilica-045-micras-e-25mm\/#primaryimage\",\"url\":\"https:\/\/www.bioequimica.com.br\/site\/wp-content\/uploads\/2021\/07\/d.jpg\",\"contentUrl\":\"https:\/\/www.bioequimica.com.br\/site\/wp-content\/uploads\/2021\/07\/d.jpg\",\"width\":1240,\"height\":1240},{\"@type\":\"BreadcrumbList\",\"@id\":\"https:\/\/www.bioequimica.com.br\/site\/produto\/filtro-seringa-em-ptfe-teflon-hidrofilica-045-micras-e-25mm\/#breadcrumb\",\"itemListElement\":[{\"@type\":\"ListItem\",\"position\":1,\"name\":\"In\u00edcio\",\"item\":\"https:\/\/www.bioequimica.com.br\/site\/\"},{\"@type\":\"ListItem\",\"position\":2,\"name\":\"Shop\",\"item\":\"https:\/\/www.bioequimica.com.br\/site\/shop\/\"},{\"@type\":\"ListItem\",\"position\":3,\"name\":\"FILTRO SERINGA EM PTFE (TEFLON) HIDROF\u00cdLICA 0,45 MICRAS E 25MM\"}]},{\"@type\":\"WebSite\",\"@id\":\"https:\/\/www.bioequimica.com.br\/site\/#website\",\"url\":\"https:\/\/www.bioequimica.com.br\/site\/\",\"name\":\"Bio e Qu\u00edmica\",\"description\":\"Revenda Autorizada Shimadzu, Nasco,Boeco\",\"publisher\":{\"@id\":\"https:\/\/www.bioequimica.com.br\/site\/#organization\"},\"potentialAction\":[{\"@type\":\"SearchAction\",\"target\":{\"@type\":\"EntryPoint\",\"urlTemplate\":\"https:\/\/www.bioequimica.com.br\/site\/?s={search_term_string}\"},\"query-input\":{\"@type\":\"PropertyValueSpecification\",\"valueRequired\":true,\"valueName\":\"search_term_string\"}}],\"inLanguage\":\"pt-BR\"},{\"@type\":\"Organization\",\"@id\":\"https:\/\/www.bioequimica.com.br\/site\/#organization\",\"name\":\"BioeQuimica Com\u00e9rcio de Produtos para Laborat\u00f3rio Ltda\",\"url\":\"https:\/\/www.bioequimica.com.br\/site\/\",\"logo\":{\"@type\":\"ImageObject\",\"inLanguage\":\"pt-BR\",\"@id\":\"https:\/\/www.bioequimica.com.br\/site\/#\/schema\/logo\/image\/\",\"url\":\"https:\/\/www.bioequimica.com.br\/site\/wp-content\/uploads\/2019\/10\/bioequimica.svg\",\"contentUrl\":\"https:\/\/www.bioequimica.com.br\/site\/wp-content\/uploads\/2019\/10\/bioequimica.svg\",\"width\":500,\"height\":143,\"caption\":\"BioeQuimica Com\u00e9rcio de Produtos para Laborat\u00f3rio Ltda\"},\"image\":{\"@id\":\"https:\/\/www.bioequimica.com.br\/site\/#\/schema\/logo\/image\/\"}}]}<\/script>\n<!-- \/ Yoast SEO plugin. -->","yoast_head_json":{"title":"FILTRO SERINGA EM PTFE (TEFLON) HIDROF\u00cdLICA - Bio e Qu\u00edmica","description":"Filtro de seringa em PTFE (Teflon) hidrof\u00edlico com porosidade de 0,45 micras e 25 mm. Em polipropileno (PP), oferecido em uma caixa com 100 unidades.","robots":{"index":"index","follow":"follow","max-snippet":"max-snippet:-1","max-image-preview":"max-image-preview:large","max-video-preview":"max-video-preview:-1"},"canonical":"https:\/\/www.bioequimica.com.br\/site\/produto\/filtro-seringa-em-ptfe-teflon-hidrofilica-045-micras-e-25mm\/","og_locale":"pt_BR","og_type":"article","og_title":"FILTRO SERINGA EM PTFE (TEFLON) HIDROF\u00cdLICA - Bio e Qu\u00edmica","og_description":"Filtro de seringa em PTFE (Teflon) hidrof\u00edlico com porosidade de 0,45 micras e 25 mm. Em polipropileno (PP), oferecido em uma caixa com 100 unidades.","og_url":"https:\/\/www.bioequimica.com.br\/site\/produto\/filtro-seringa-em-ptfe-teflon-hidrofilica-045-micras-e-25mm\/","og_site_name":"Bio e Qu\u00edmica","article_modified_time":"2024-08-21T18:35:01+00:00","og_image":[{"width":1240,"height":1240,"url":"https:\/\/www.bioequimica.com.br\/site\/wp-content\/uploads\/2021\/07\/d.jpg","type":"image\/jpeg"}],"twitter_card":"summary_large_image","twitter_misc":{"Est. tempo de leitura":"3 minutos"},"schema":{"@context":"https:\/\/schema.org","@graph":[{"@type":"WebPage","@id":"https:\/\/www.bioequimica.com.br\/site\/produto\/filtro-seringa-em-ptfe-teflon-hidrofilica-045-micras-e-25mm\/","url":"https:\/\/www.bioequimica.com.br\/site\/produto\/filtro-seringa-em-ptfe-teflon-hidrofilica-045-micras-e-25mm\/","name":"FILTRO SERINGA EM PTFE (TEFLON) HIDROF\u00cdLICA - Bio e Qu\u00edmica","isPartOf":{"@id":"https:\/\/www.bioequimica.com.br\/site\/#website"},"primaryImageOfPage":{"@id":"https:\/\/www.bioequimica.com.br\/site\/produto\/filtro-seringa-em-ptfe-teflon-hidrofilica-045-micras-e-25mm\/#primaryimage"},"image":{"@id":"https:\/\/www.bioequimica.com.br\/site\/produto\/filtro-seringa-em-ptfe-teflon-hidrofilica-045-micras-e-25mm\/#primaryimage"},"thumbnailUrl":"https:\/\/www.bioequimica.com.br\/site\/wp-content\/uploads\/2021\/07\/d.jpg","datePublished":"2021-07-30T19:03:31+00:00","dateModified":"2024-08-21T18:35:01+00:00","description":"Filtro de seringa em PTFE (Teflon) hidrof\u00edlico com porosidade de 0,45 micras e 25 mm. Em polipropileno (PP), oferecido em uma caixa com 100 unidades.","breadcrumb":{"@id":"https:\/\/www.bioequimica.com.br\/site\/produto\/filtro-seringa-em-ptfe-teflon-hidrofilica-045-micras-e-25mm\/#breadcrumb"},"inLanguage":"pt-BR","potentialAction":[{"@type":"ReadAction","target":["https:\/\/www.bioequimica.com.br\/site\/produto\/filtro-seringa-em-ptfe-teflon-hidrofilica-045-micras-e-25mm\/"]}]},{"@type":"ImageObject","inLanguage":"pt-BR","@id":"https:\/\/www.bioequimica.com.br\/site\/produto\/filtro-seringa-em-ptfe-teflon-hidrofilica-045-micras-e-25mm\/#primaryimage","url":"https:\/\/www.bioequimica.com.br\/site\/wp-content\/uploads\/2021\/07\/d.jpg","contentUrl":"https:\/\/www.bioequimica.com.br\/site\/wp-content\/uploads\/2021\/07\/d.jpg","width":1240,"height":1240},{"@type":"BreadcrumbList","@id":"https:\/\/www.bioequimica.com.br\/site\/produto\/filtro-seringa-em-ptfe-teflon-hidrofilica-045-micras-e-25mm\/#breadcrumb","itemListElement":[{"@type":"ListItem","position":1,"name":"In\u00edcio","item":"https:\/\/www.bioequimica.com.br\/site\/"},{"@type":"ListItem","position":2,"name":"Shop","item":"https:\/\/www.bioequimica.com.br\/site\/shop\/"},{"@type":"ListItem","position":3,"name":"FILTRO SERINGA EM PTFE (TEFLON) HIDROF\u00cdLICA 0,45 MICRAS E 25MM"}]},{"@type":"WebSite","@id":"https:\/\/www.bioequimica.com.br\/site\/#website","url":"https:\/\/www.bioequimica.com.br\/site\/","name":"Bio e Qu\u00edmica","description":"Revenda Autorizada Shimadzu, Nasco,Boeco","publisher":{"@id":"https:\/\/www.bioequimica.com.br\/site\/#organization"},"potentialAction":[{"@type":"SearchAction","target":{"@type":"EntryPoint","urlTemplate":"https:\/\/www.bioequimica.com.br\/site\/?s={search_term_string}"},"query-input":{"@type":"PropertyValueSpecification","valueRequired":true,"valueName":"search_term_string"}}],"inLanguage":"pt-BR"},{"@type":"Organization","@id":"https:\/\/www.bioequimica.com.br\/site\/#organization","name":"BioeQuimica Com\u00e9rcio de Produtos para Laborat\u00f3rio Ltda","url":"https:\/\/www.bioequimica.com.br\/site\/","logo":{"@type":"ImageObject","inLanguage":"pt-BR","@id":"https:\/\/www.bioequimica.com.br\/site\/#\/schema\/logo\/image\/","url":"https:\/\/www.bioequimica.com.br\/site\/wp-content\/uploads\/2019\/10\/bioequimica.svg","contentUrl":"https:\/\/www.bioequimica.com.br\/site\/wp-content\/uploads\/2019\/10\/bioequimica.svg","width":500,"height":143,"caption":"BioeQuimica Com\u00e9rcio de Produtos para Laborat\u00f3rio Ltda"},"image":{"@id":"https:\/\/www.bioequimica.com.br\/site\/#\/schema\/logo\/image\/"}}]}},"_links":{"self":[{"href":"https:\/\/www.bioequimica.com.br\/site\/wp-json\/wp\/v2\/product\/2188"}],"collection":[{"href":"https:\/\/www.bioequimica.com.br\/site\/wp-json\/wp\/v2\/product"}],"about":[{"href":"https:\/\/www.bioequimica.com.br\/site\/wp-json\/wp\/v2\/types\/product"}],"replies":[{"embeddable":true,"href":"https:\/\/www.bioequimica.com.br\/site\/wp-json\/wp\/v2\/comments?post=2188"}],"wp:featuredmedia":[{"embeddable":true,"href":"https:\/\/www.bioequimica.com.br\/site\/wp-json\/wp\/v2\/media\/2193"}],"wp:attachment":[{"href":"https:\/\/www.bioequimica.com.br\/site\/wp-json\/wp\/v2\/media?parent=2188"}],"wp:term":[{"taxonomy":"product_brand","embeddable":true,"href":"https:\/\/www.bioequimica.com.br\/site\/wp-json\/wp\/v2\/product_brand?post=2188"},{"taxonomy":"product_cat","embeddable":true,"href":"https:\/\/www.bioequimica.com.br\/site\/wp-json\/wp\/v2\/product_cat?post=2188"},{"taxonomy":"product_tag","embeddable":true,"href":"https:\/\/www.bioequimica.com.br\/site\/wp-json\/wp\/v2\/product_tag?post=2188"}],"curies":[{"name":"wp","href":"https:\/\/api.w.org\/{rel}","templated":true}]}}