{"id":2583,"date":"2022-01-28T16:55:35","date_gmt":"2022-01-28T19:55:35","guid":{"rendered":"https:\/\/www.bioequimica.com.br\/site\/?post_type=product&#038;p=2583"},"modified":"2022-01-31T09:53:52","modified_gmt":"2022-01-31T12:53:52","slug":"liquinox","status":"publish","type":"product","link":"https:\/\/www.bioequimica.com.br\/site\/produto\/liquinox\/","title":{"rendered":"LIQUINOX"},"content":{"rendered":"<ul>\n<li>Tipo: Liquinox<\/li>\n<li>Marca: Alconox<\/li>\n<li>Volume:\u00a0 3,8 Litros \/ 0,95 Litros<\/li>\n<li>pH 8,5<\/li>\n<li>Biodegrad\u00e1vel<\/li>\n<li>Diluir 1:100<\/li>\n<\/ul>\n<p style=\"text-align: justify;\">Detergente concentrado, sem fosfatos ani\u00f4nicos, para limpeza manual e ultra-s\u00f4nica. Enxaguamento sem res\u00edduos de interfer\u00eancia, para obter resultados confi\u00e1veis. Extremamente suave e completamente sol\u00favel em \u00e1gua dura e mole.<\/p>\n","protected":false},"excerpt":{"rendered":"<p style=\"text-align: justify;\">Detergente L\u00edquido Limpeza Cr\u00edtica para limpezas manuais e ultra-s\u00f4nicas.<\/p>\n","protected":false},"featured_media":2586,"comment_status":"open","ping_status":"closed","template":"","meta":{"_monsterinsights_skip_tracking":false,"_monsterinsights_sitenote_active":false,"_monsterinsights_sitenote_note":"","_monsterinsights_sitenote_category":0},"product_brand":[],"product_cat":[95],"product_tag":[],"class_list":{"0":"post-2583","1":"product","2":"type-product","3":"status-publish","4":"has-post-thumbnail","6":"product_cat-alconox","8":"first","9":"instock","10":"shipping-taxable","11":"product-type-simple"},"yoast_head":"<!-- This site is optimized with the Yoast SEO plugin v25.5 - https:\/\/yoast.com\/wordpress\/plugins\/seo\/ -->\n<title>LIQUINOX - Bio e Qu\u00edmica<\/title>\n<meta name=\"description\" content=\"Detergente concentrado. Ideal para a limpeza de vidraria, metais, pl\u00e1sticos, cer\u00e2mica, porcelana, borracha e fibra de vidro.\" \/>\n<meta name=\"robots\" content=\"index, follow, max-snippet:-1, max-image-preview:large, max-video-preview:-1\" \/>\n<link rel=\"canonical\" href=\"https:\/\/www.bioequimica.com.br\/site\/produto\/liquinox\/\" \/>\n<meta property=\"og:locale\" content=\"pt_BR\" \/>\n<meta property=\"og:type\" content=\"article\" \/>\n<meta property=\"og:title\" content=\"LIQUINOX - Bio e Qu\u00edmica\" \/>\n<meta property=\"og:description\" content=\"Detergente concentrado. Ideal para a limpeza de vidraria, metais, pl\u00e1sticos, cer\u00e2mica, porcelana, borracha e fibra de vidro.\" \/>\n<meta property=\"og:url\" content=\"https:\/\/www.bioequimica.com.br\/site\/produto\/liquinox\/\" \/>\n<meta property=\"og:site_name\" content=\"Bio e Qu\u00edmica\" \/>\n<meta property=\"article:modified_time\" content=\"2022-01-31T12:53:52+00:00\" \/>\n<meta property=\"og:image\" content=\"https:\/\/www.bioequimica.com.br\/site\/wp-content\/uploads\/2022\/01\/Liquinox-White-Back-1.jpg\" \/>\n\t<meta property=\"og:image:width\" content=\"1280\" \/>\n\t<meta property=\"og:image:height\" content=\"1280\" \/>\n\t<meta property=\"og:image:type\" content=\"image\/jpeg\" \/>\n<meta name=\"twitter:card\" content=\"summary_large_image\" \/>\n<meta name=\"twitter:label1\" content=\"Est. tempo de leitura\" \/>\n\t<meta name=\"twitter:data1\" content=\"1 minuto\" \/>\n<script type=\"application\/ld+json\" class=\"yoast-schema-graph\">{\"@context\":\"https:\/\/schema.org\",\"@graph\":[{\"@type\":\"WebPage\",\"@id\":\"https:\/\/www.bioequimica.com.br\/site\/produto\/liquinox\/\",\"url\":\"https:\/\/www.bioequimica.com.br\/site\/produto\/liquinox\/\",\"name\":\"LIQUINOX - Bio e Qu\u00edmica\",\"isPartOf\":{\"@id\":\"https:\/\/www.bioequimica.com.br\/site\/#website\"},\"primaryImageOfPage\":{\"@id\":\"https:\/\/www.bioequimica.com.br\/site\/produto\/liquinox\/#primaryimage\"},\"image\":{\"@id\":\"https:\/\/www.bioequimica.com.br\/site\/produto\/liquinox\/#primaryimage\"},\"thumbnailUrl\":\"https:\/\/www.bioequimica.com.br\/site\/wp-content\/uploads\/2022\/01\/Liquinox-White-Back-1.jpg\",\"datePublished\":\"2022-01-28T19:55:35+00:00\",\"dateModified\":\"2022-01-31T12:53:52+00:00\",\"description\":\"Detergente concentrado. Ideal para a limpeza de vidraria, metais, pl\u00e1sticos, cer\u00e2mica, porcelana, borracha e fibra de vidro.\",\"breadcrumb\":{\"@id\":\"https:\/\/www.bioequimica.com.br\/site\/produto\/liquinox\/#breadcrumb\"},\"inLanguage\":\"pt-BR\",\"potentialAction\":[{\"@type\":\"ReadAction\",\"target\":[\"https:\/\/www.bioequimica.com.br\/site\/produto\/liquinox\/\"]}]},{\"@type\":\"ImageObject\",\"inLanguage\":\"pt-BR\",\"@id\":\"https:\/\/www.bioequimica.com.br\/site\/produto\/liquinox\/#primaryimage\",\"url\":\"https:\/\/www.bioequimica.com.br\/site\/wp-content\/uploads\/2022\/01\/Liquinox-White-Back-1.jpg\",\"contentUrl\":\"https:\/\/www.bioequimica.com.br\/site\/wp-content\/uploads\/2022\/01\/Liquinox-White-Back-1.jpg\",\"width\":1280,\"height\":1280},{\"@type\":\"BreadcrumbList\",\"@id\":\"https:\/\/www.bioequimica.com.br\/site\/produto\/liquinox\/#breadcrumb\",\"itemListElement\":[{\"@type\":\"ListItem\",\"position\":1,\"name\":\"In\u00edcio\",\"item\":\"https:\/\/www.bioequimica.com.br\/site\/\"},{\"@type\":\"ListItem\",\"position\":2,\"name\":\"Shop\",\"item\":\"https:\/\/www.bioequimica.com.br\/site\/shop\/\"},{\"@type\":\"ListItem\",\"position\":3,\"name\":\"LIQUINOX\"}]},{\"@type\":\"WebSite\",\"@id\":\"https:\/\/www.bioequimica.com.br\/site\/#website\",\"url\":\"https:\/\/www.bioequimica.com.br\/site\/\",\"name\":\"Bio e Qu\u00edmica\",\"description\":\"Revenda Autorizada Shimadzu, Nasco,Boeco\",\"publisher\":{\"@id\":\"https:\/\/www.bioequimica.com.br\/site\/#organization\"},\"potentialAction\":[{\"@type\":\"SearchAction\",\"target\":{\"@type\":\"EntryPoint\",\"urlTemplate\":\"https:\/\/www.bioequimica.com.br\/site\/?s={search_term_string}\"},\"query-input\":{\"@type\":\"PropertyValueSpecification\",\"valueRequired\":true,\"valueName\":\"search_term_string\"}}],\"inLanguage\":\"pt-BR\"},{\"@type\":\"Organization\",\"@id\":\"https:\/\/www.bioequimica.com.br\/site\/#organization\",\"name\":\"BioeQuimica Com\u00e9rcio de Produtos para Laborat\u00f3rio Ltda\",\"url\":\"https:\/\/www.bioequimica.com.br\/site\/\",\"logo\":{\"@type\":\"ImageObject\",\"inLanguage\":\"pt-BR\",\"@id\":\"https:\/\/www.bioequimica.com.br\/site\/#\/schema\/logo\/image\/\",\"url\":\"https:\/\/www.bioequimica.com.br\/site\/wp-content\/uploads\/2019\/10\/bioequimica.svg\",\"contentUrl\":\"https:\/\/www.bioequimica.com.br\/site\/wp-content\/uploads\/2019\/10\/bioequimica.svg\",\"width\":500,\"height\":143,\"caption\":\"BioeQuimica Com\u00e9rcio de Produtos para Laborat\u00f3rio Ltda\"},\"image\":{\"@id\":\"https:\/\/www.bioequimica.com.br\/site\/#\/schema\/logo\/image\/\"}}]}<\/script>\n<!-- \/ Yoast SEO plugin. -->","yoast_head_json":{"title":"LIQUINOX - Bio e Qu\u00edmica","description":"Detergente concentrado. Ideal para a limpeza de vidraria, metais, pl\u00e1sticos, cer\u00e2mica, porcelana, borracha e fibra de vidro.","robots":{"index":"index","follow":"follow","max-snippet":"max-snippet:-1","max-image-preview":"max-image-preview:large","max-video-preview":"max-video-preview:-1"},"canonical":"https:\/\/www.bioequimica.com.br\/site\/produto\/liquinox\/","og_locale":"pt_BR","og_type":"article","og_title":"LIQUINOX - Bio e Qu\u00edmica","og_description":"Detergente concentrado. Ideal para a limpeza de vidraria, metais, pl\u00e1sticos, cer\u00e2mica, porcelana, borracha e fibra de vidro.","og_url":"https:\/\/www.bioequimica.com.br\/site\/produto\/liquinox\/","og_site_name":"Bio e Qu\u00edmica","article_modified_time":"2022-01-31T12:53:52+00:00","og_image":[{"width":1280,"height":1280,"url":"https:\/\/www.bioequimica.com.br\/site\/wp-content\/uploads\/2022\/01\/Liquinox-White-Back-1.jpg","type":"image\/jpeg"}],"twitter_card":"summary_large_image","twitter_misc":{"Est. tempo de leitura":"1 minuto"},"schema":{"@context":"https:\/\/schema.org","@graph":[{"@type":"WebPage","@id":"https:\/\/www.bioequimica.com.br\/site\/produto\/liquinox\/","url":"https:\/\/www.bioequimica.com.br\/site\/produto\/liquinox\/","name":"LIQUINOX - Bio e Qu\u00edmica","isPartOf":{"@id":"https:\/\/www.bioequimica.com.br\/site\/#website"},"primaryImageOfPage":{"@id":"https:\/\/www.bioequimica.com.br\/site\/produto\/liquinox\/#primaryimage"},"image":{"@id":"https:\/\/www.bioequimica.com.br\/site\/produto\/liquinox\/#primaryimage"},"thumbnailUrl":"https:\/\/www.bioequimica.com.br\/site\/wp-content\/uploads\/2022\/01\/Liquinox-White-Back-1.jpg","datePublished":"2022-01-28T19:55:35+00:00","dateModified":"2022-01-31T12:53:52+00:00","description":"Detergente concentrado. Ideal para a limpeza de vidraria, metais, pl\u00e1sticos, cer\u00e2mica, porcelana, borracha e fibra de vidro.","breadcrumb":{"@id":"https:\/\/www.bioequimica.com.br\/site\/produto\/liquinox\/#breadcrumb"},"inLanguage":"pt-BR","potentialAction":[{"@type":"ReadAction","target":["https:\/\/www.bioequimica.com.br\/site\/produto\/liquinox\/"]}]},{"@type":"ImageObject","inLanguage":"pt-BR","@id":"https:\/\/www.bioequimica.com.br\/site\/produto\/liquinox\/#primaryimage","url":"https:\/\/www.bioequimica.com.br\/site\/wp-content\/uploads\/2022\/01\/Liquinox-White-Back-1.jpg","contentUrl":"https:\/\/www.bioequimica.com.br\/site\/wp-content\/uploads\/2022\/01\/Liquinox-White-Back-1.jpg","width":1280,"height":1280},{"@type":"BreadcrumbList","@id":"https:\/\/www.bioequimica.com.br\/site\/produto\/liquinox\/#breadcrumb","itemListElement":[{"@type":"ListItem","position":1,"name":"In\u00edcio","item":"https:\/\/www.bioequimica.com.br\/site\/"},{"@type":"ListItem","position":2,"name":"Shop","item":"https:\/\/www.bioequimica.com.br\/site\/shop\/"},{"@type":"ListItem","position":3,"name":"LIQUINOX"}]},{"@type":"WebSite","@id":"https:\/\/www.bioequimica.com.br\/site\/#website","url":"https:\/\/www.bioequimica.com.br\/site\/","name":"Bio e Qu\u00edmica","description":"Revenda Autorizada Shimadzu, Nasco,Boeco","publisher":{"@id":"https:\/\/www.bioequimica.com.br\/site\/#organization"},"potentialAction":[{"@type":"SearchAction","target":{"@type":"EntryPoint","urlTemplate":"https:\/\/www.bioequimica.com.br\/site\/?s={search_term_string}"},"query-input":{"@type":"PropertyValueSpecification","valueRequired":true,"valueName":"search_term_string"}}],"inLanguage":"pt-BR"},{"@type":"Organization","@id":"https:\/\/www.bioequimica.com.br\/site\/#organization","name":"BioeQuimica Com\u00e9rcio de Produtos para Laborat\u00f3rio Ltda","url":"https:\/\/www.bioequimica.com.br\/site\/","logo":{"@type":"ImageObject","inLanguage":"pt-BR","@id":"https:\/\/www.bioequimica.com.br\/site\/#\/schema\/logo\/image\/","url":"https:\/\/www.bioequimica.com.br\/site\/wp-content\/uploads\/2019\/10\/bioequimica.svg","contentUrl":"https:\/\/www.bioequimica.com.br\/site\/wp-content\/uploads\/2019\/10\/bioequimica.svg","width":500,"height":143,"caption":"BioeQuimica Com\u00e9rcio de Produtos para Laborat\u00f3rio Ltda"},"image":{"@id":"https:\/\/www.bioequimica.com.br\/site\/#\/schema\/logo\/image\/"}}]}},"_links":{"self":[{"href":"https:\/\/www.bioequimica.com.br\/site\/wp-json\/wp\/v2\/product\/2583"}],"collection":[{"href":"https:\/\/www.bioequimica.com.br\/site\/wp-json\/wp\/v2\/product"}],"about":[{"href":"https:\/\/www.bioequimica.com.br\/site\/wp-json\/wp\/v2\/types\/product"}],"replies":[{"embeddable":true,"href":"https:\/\/www.bioequimica.com.br\/site\/wp-json\/wp\/v2\/comments?post=2583"}],"wp:featuredmedia":[{"embeddable":true,"href":"https:\/\/www.bioequimica.com.br\/site\/wp-json\/wp\/v2\/media\/2586"}],"wp:attachment":[{"href":"https:\/\/www.bioequimica.com.br\/site\/wp-json\/wp\/v2\/media?parent=2583"}],"wp:term":[{"taxonomy":"product_brand","embeddable":true,"href":"https:\/\/www.bioequimica.com.br\/site\/wp-json\/wp\/v2\/product_brand?post=2583"},{"taxonomy":"product_cat","embeddable":true,"href":"https:\/\/www.bioequimica.com.br\/site\/wp-json\/wp\/v2\/product_cat?post=2583"},{"taxonomy":"product_tag","embeddable":true,"href":"https:\/\/www.bioequimica.com.br\/site\/wp-json\/wp\/v2\/product_tag?post=2583"}],"curies":[{"name":"wp","href":"https:\/\/api.w.org\/{rel}","templated":true}]}}