{"id":2767,"date":"2022-06-13T16:47:43","date_gmt":"2022-06-13T19:47:43","guid":{"rendered":"https:\/\/www.bioequimica.com.br\/site\/?post_type=product&#038;p=2767"},"modified":"2026-02-05T15:52:59","modified_gmt":"2026-02-05T18:52:59","slug":"balanca-semi-analitica-shimadzu-uw620h-620g","status":"publish","type":"product","link":"https:\/\/www.bioequimica.com.br\/site\/produto\/balanca-semi-analitica-shimadzu-uw620h-620g\/","title":{"rendered":"BALAN\u00c7A SEMI-ANAL\u00cdTICA SHIMADZU UW620H CAPACIDADE DE 620g"},"content":{"rendered":"<p><strong>Balan\u00e7a Semi-Anal\u00edtica Shimadzu 620g \u2013 Tecnologia Avan\u00e7ada e Precis\u00e3o<\/strong><\/p>\n<p>Balan\u00e7a Semi-Anal\u00edtica Shimadzu com Calibra\u00e7\u00e3o Interna<\/p>\n<p>As novas balan\u00e7as semi anal\u00edticas Shimadzu 620g combinam tecnologia inovadora com excelente desempenho. Equipadas com o mecanismo UniBloc, essas balan\u00e7as proporcionam respostas r\u00e1pidas, alta estabilidade e durabilidade. Com uma capacidade <strong>de <\/strong>620g, esses modelos oferecem recursos poderosos que atendem a diversas necessidades de pesagem. Al\u00e9m disso, a s\u00e9rie UW inclui peso de calibra\u00e7\u00e3o interno motorizado e fun\u00e7\u00f5es de calibra\u00e7\u00e3o totalmente autom\u00e1ticas, o que garante medi\u00e7\u00f5es precisas e confi\u00e1veis.<\/p>\n<h4><strong>Tecnologia UniBloc e Seus Benef\u00edcios<\/strong><\/h4>\n<p>A balan\u00e7a semi anal\u00edtica Shimadzu 620g substitui o mecanismo convencional da balan\u00e7a eletromagn\u00e9tica por uma pe\u00e7a \u00fanica de alum\u00ednio, o UniBloc Shimadzu. Esse mecanismo, que \u00e9 digitalmente controlado e produzido atrav\u00e9s de um processo de corte por descarga el\u00e9trica, introduziu<strong>&#8211;<\/strong>se pela Shimadzu nas balan\u00e7as da s\u00e9rie EB-K em 1989. Com isso, a tecnologia oferece benef\u00edcios significativos, como resposta r\u00e1pida, estabilidade \u00e0s mudan\u00e7as de temperatura e alta durabilidade. Portanto, a balan\u00e7a semi anal\u00edtica Shimadzu 620g atende \u00e0s demandas de aplica\u00e7\u00f5es que exigem alta precis\u00e3o e confiabilidade.<\/p>\n<h4><strong>Rel\u00f3gio Interno em Conformidade com GLP\/GMP\/ISO<\/strong><\/h4>\n<p>Ideal para estabelecimentos administrativos, a balan\u00e7a semi anal\u00edtica Shimadzu 620g cumpre os requisitos das normas GLP\/GMP\/ISO9000. Adicionalmente, a balan\u00e7a emite relat\u00f3rios de calibra\u00e7\u00e3o com data e hora, facilitando o monitoramento e a conformidade com as normas.<\/p>\n<h4><strong>Modos de Display Anal\u00f3gico<\/strong><\/h4>\n<ul>\n<li><strong>Faixa Completa<\/strong>: O display com barras gr\u00e1ficas indica claramente o peso total, incluindo a tara, como percentual da capacidade da balan\u00e7a.<\/li>\n<li><strong>Atingir a Meta<\/strong>: Voc\u00ea pode selecionar um peso alvo e a toler\u00e2ncia desejada. Dessa forma, o display indica claramente quando voc\u00ea atinge a meta estabelecida.<\/li>\n<li><strong>Modo Compara\u00e7\u00e3o<\/strong>: Defina limites superiores e inferiores. O display continuamente mostra se a amostra est\u00e1 dentro da faixa &#8220;GO&#8221;, acima da faixa &#8220;HI&#8221; ou abaixo da faixa &#8220;LO&#8221;. Assim, voc\u00ea pode escolher um dos dois modos de display de barras gr\u00e1ficas para maior clareza.<\/li>\n<\/ul>\n<h4><strong>Calibra\u00e7\u00e3o Autom\u00e1tica PSC<\/strong><\/h4>\n<p>Al\u00e9m disso, a calibra\u00e7\u00e3o autom\u00e1tica \u00e9 program\u00e1vel para hor\u00e1rios pr\u00e9-selecionados (at\u00e9 tr\u00eas vezes ao dia). Dessa maneira, a balan\u00e7a semi anal\u00edtica Shimadzu 620g permite que os operadores trabalhem continuamente sem interrup\u00e7\u00f5es.<\/p>\n<p><strong>Detalhes:<\/strong><\/p>\n<table width=\"260\">\n<tbody>\n<tr>\n<td width=\"179\">Modelo<\/td>\n<td width=\"81\">UW620H<\/td>\n<\/tr>\n<tr>\n<td>Capacidade<\/td>\n<td>620g<\/td>\n<\/tr>\n<tr>\n<td>Visor m\u00ednimo<\/td>\n<td>0.001g<\/td>\n<\/tr>\n<tr>\n<td>Repetibilidade<\/td>\n<td>&lt;0.001g<\/td>\n<\/tr>\n<tr>\n<td>Linearidade<\/td>\n<td>-+0.002g<\/td>\n<\/tr>\n<tr>\n<td>Tempo de resposta<\/td>\n<td>1,5 &#8211; 2,5s<\/td>\n<\/tr>\n<tr>\n<td>Tamanho da bandeja (mm)<\/td>\n<td>108 x 105<\/td>\n<\/tr>\n<\/tbody>\n<\/table>\n","protected":false},"excerpt":{"rendered":"<p>Nova linha de balan\u00e7as de carga alta Shimadzu s\u00e3o projetadas com o inovador mecanismo UniBloc que oferece resist\u00eancia ao impacto superior, uma resposta r\u00e1pida \u00fanica, excelente estabilidade e durabilidade ao mesmo tempo. Caracter\u00edsticas fortes suportam qualquer aplica\u00e7\u00e3o de pesagem imagin\u00e1vel. A s\u00e9rie UW vem com o peso de calibra\u00e7\u00e3o incorporado ao mecanismo e fun\u00e7\u00f5es de calibra\u00e7\u00e3o totalmente autom\u00e1ticas.<\/p>\n","protected":false},"featured_media":2768,"comment_status":"open","ping_status":"closed","template":"","meta":{"_monsterinsights_skip_tracking":false,"_monsterinsights_sitenote_active":false,"_monsterinsights_sitenote_note":"","_monsterinsights_sitenote_category":0},"product_brand":[],"product_cat":[121,100],"product_tag":[],"class_list":{"0":"post-2767","1":"product","2":"type-product","3":"status-publish","4":"has-post-thumbnail","6":"product_cat-balancas-semi-analiticas","7":"product_cat-shimadzu","9":"first","10":"instock","11":"shipping-taxable","12":"product-type-simple"},"yoast_head":"<!-- This site is optimized with the Yoast SEO plugin v25.5 - https:\/\/yoast.com\/wordpress\/plugins\/seo\/ -->\n<title>BALAN\u00c7A SEMI-ANAL\u00cdTICA SHIMADZU UW620H 620g - Bio e Qu\u00edmica<\/title>\n<meta name=\"description\" content=\"Balan\u00e7a Semi-Anal\u00edtica Shimadzu com Calibra\u00e7\u00e3o Interna \u2013 Capacidade de 620g, Leitura Precisa de 0,01g e Prato Amplo de 108 x 105mm\" \/>\n<meta name=\"robots\" content=\"index, follow, max-snippet:-1, max-image-preview:large, max-video-preview:-1\" \/>\n<link rel=\"canonical\" href=\"https:\/\/www.bioequimica.com.br\/site\/produto\/balanca-semi-analitica-shimadzu-uw620h-620g\/\" \/>\n<meta property=\"og:locale\" content=\"pt_BR\" \/>\n<meta property=\"og:type\" content=\"article\" \/>\n<meta property=\"og:title\" content=\"BALAN\u00c7A SEMI-ANAL\u00cdTICA SHIMADZU UW620H 620g - Bio e Qu\u00edmica\" \/>\n<meta property=\"og:description\" content=\"Balan\u00e7a Semi-Anal\u00edtica Shimadzu com Calibra\u00e7\u00e3o Interna \u2013 Capacidade de 620g, Leitura Precisa de 0,01g e Prato Amplo de 108 x 105mm\" \/>\n<meta property=\"og:url\" content=\"https:\/\/www.bioequimica.com.br\/site\/produto\/balanca-semi-analitica-shimadzu-uw620h-620g\/\" \/>\n<meta property=\"og:site_name\" content=\"Bio e Qu\u00edmica\" \/>\n<meta property=\"article:modified_time\" content=\"2026-02-05T18:52:59+00:00\" \/>\n<meta property=\"og:image\" content=\"https:\/\/www.bioequimica.com.br\/site\/wp-content\/uploads\/2022\/06\/UW620H-1.jpg\" \/>\n\t<meta property=\"og:image:width\" content=\"1000\" \/>\n\t<meta property=\"og:image:height\" content=\"1000\" \/>\n\t<meta property=\"og:image:type\" content=\"image\/jpeg\" \/>\n<meta name=\"twitter:card\" content=\"summary_large_image\" \/>\n<meta name=\"twitter:label1\" content=\"Est. tempo de leitura\" \/>\n\t<meta name=\"twitter:data1\" content=\"3 minutos\" \/>\n<script type=\"application\/ld+json\" class=\"yoast-schema-graph\">{\"@context\":\"https:\/\/schema.org\",\"@graph\":[{\"@type\":\"WebPage\",\"@id\":\"https:\/\/www.bioequimica.com.br\/site\/produto\/balanca-semi-analitica-shimadzu-uw620h-620g\/\",\"url\":\"https:\/\/www.bioequimica.com.br\/site\/produto\/balanca-semi-analitica-shimadzu-uw620h-620g\/\",\"name\":\"BALAN\u00c7A SEMI-ANAL\u00cdTICA SHIMADZU UW620H 620g - Bio e Qu\u00edmica\",\"isPartOf\":{\"@id\":\"https:\/\/www.bioequimica.com.br\/site\/#website\"},\"primaryImageOfPage\":{\"@id\":\"https:\/\/www.bioequimica.com.br\/site\/produto\/balanca-semi-analitica-shimadzu-uw620h-620g\/#primaryimage\"},\"image\":{\"@id\":\"https:\/\/www.bioequimica.com.br\/site\/produto\/balanca-semi-analitica-shimadzu-uw620h-620g\/#primaryimage\"},\"thumbnailUrl\":\"https:\/\/www.bioequimica.com.br\/site\/wp-content\/uploads\/2022\/06\/UW620H-1.jpg\",\"datePublished\":\"2022-06-13T19:47:43+00:00\",\"dateModified\":\"2026-02-05T18:52:59+00:00\",\"description\":\"Balan\u00e7a Semi-Anal\u00edtica Shimadzu com Calibra\u00e7\u00e3o Interna \u2013 Capacidade de 620g, Leitura Precisa de 0,01g e Prato Amplo de 108 x 105mm\",\"breadcrumb\":{\"@id\":\"https:\/\/www.bioequimica.com.br\/site\/produto\/balanca-semi-analitica-shimadzu-uw620h-620g\/#breadcrumb\"},\"inLanguage\":\"pt-BR\",\"potentialAction\":[{\"@type\":\"ReadAction\",\"target\":[\"https:\/\/www.bioequimica.com.br\/site\/produto\/balanca-semi-analitica-shimadzu-uw620h-620g\/\"]}]},{\"@type\":\"ImageObject\",\"inLanguage\":\"pt-BR\",\"@id\":\"https:\/\/www.bioequimica.com.br\/site\/produto\/balanca-semi-analitica-shimadzu-uw620h-620g\/#primaryimage\",\"url\":\"https:\/\/www.bioequimica.com.br\/site\/wp-content\/uploads\/2022\/06\/UW620H-1.jpg\",\"contentUrl\":\"https:\/\/www.bioequimica.com.br\/site\/wp-content\/uploads\/2022\/06\/UW620H-1.jpg\",\"width\":1000,\"height\":1000},{\"@type\":\"BreadcrumbList\",\"@id\":\"https:\/\/www.bioequimica.com.br\/site\/produto\/balanca-semi-analitica-shimadzu-uw620h-620g\/#breadcrumb\",\"itemListElement\":[{\"@type\":\"ListItem\",\"position\":1,\"name\":\"In\u00edcio\",\"item\":\"https:\/\/www.bioequimica.com.br\/site\/\"},{\"@type\":\"ListItem\",\"position\":2,\"name\":\"Shop\",\"item\":\"https:\/\/www.bioequimica.com.br\/site\/shop\/\"},{\"@type\":\"ListItem\",\"position\":3,\"name\":\"BALAN\u00c7A SEMI-ANAL\u00cdTICA SHIMADZU UW620H CAPACIDADE DE 620g\"}]},{\"@type\":\"WebSite\",\"@id\":\"https:\/\/www.bioequimica.com.br\/site\/#website\",\"url\":\"https:\/\/www.bioequimica.com.br\/site\/\",\"name\":\"Bio e Qu\u00edmica\",\"description\":\"Revenda Autorizada Shimadzu, Nasco,Boeco\",\"publisher\":{\"@id\":\"https:\/\/www.bioequimica.com.br\/site\/#organization\"},\"potentialAction\":[{\"@type\":\"SearchAction\",\"target\":{\"@type\":\"EntryPoint\",\"urlTemplate\":\"https:\/\/www.bioequimica.com.br\/site\/?s={search_term_string}\"},\"query-input\":{\"@type\":\"PropertyValueSpecification\",\"valueRequired\":true,\"valueName\":\"search_term_string\"}}],\"inLanguage\":\"pt-BR\"},{\"@type\":\"Organization\",\"@id\":\"https:\/\/www.bioequimica.com.br\/site\/#organization\",\"name\":\"BioeQuimica Com\u00e9rcio de Produtos para Laborat\u00f3rio Ltda\",\"url\":\"https:\/\/www.bioequimica.com.br\/site\/\",\"logo\":{\"@type\":\"ImageObject\",\"inLanguage\":\"pt-BR\",\"@id\":\"https:\/\/www.bioequimica.com.br\/site\/#\/schema\/logo\/image\/\",\"url\":\"https:\/\/www.bioequimica.com.br\/site\/wp-content\/uploads\/2019\/10\/bioequimica.svg\",\"contentUrl\":\"https:\/\/www.bioequimica.com.br\/site\/wp-content\/uploads\/2019\/10\/bioequimica.svg\",\"width\":500,\"height\":143,\"caption\":\"BioeQuimica Com\u00e9rcio de Produtos para Laborat\u00f3rio Ltda\"},\"image\":{\"@id\":\"https:\/\/www.bioequimica.com.br\/site\/#\/schema\/logo\/image\/\"}}]}<\/script>\n<!-- \/ Yoast SEO plugin. -->","yoast_head_json":{"title":"BALAN\u00c7A SEMI-ANAL\u00cdTICA SHIMADZU UW620H 620g - Bio e Qu\u00edmica","description":"Balan\u00e7a Semi-Anal\u00edtica Shimadzu com Calibra\u00e7\u00e3o Interna \u2013 Capacidade de 620g, Leitura Precisa de 0,01g e Prato Amplo de 108 x 105mm","robots":{"index":"index","follow":"follow","max-snippet":"max-snippet:-1","max-image-preview":"max-image-preview:large","max-video-preview":"max-video-preview:-1"},"canonical":"https:\/\/www.bioequimica.com.br\/site\/produto\/balanca-semi-analitica-shimadzu-uw620h-620g\/","og_locale":"pt_BR","og_type":"article","og_title":"BALAN\u00c7A SEMI-ANAL\u00cdTICA SHIMADZU UW620H 620g - Bio e Qu\u00edmica","og_description":"Balan\u00e7a Semi-Anal\u00edtica Shimadzu com Calibra\u00e7\u00e3o Interna \u2013 Capacidade de 620g, Leitura Precisa de 0,01g e Prato Amplo de 108 x 105mm","og_url":"https:\/\/www.bioequimica.com.br\/site\/produto\/balanca-semi-analitica-shimadzu-uw620h-620g\/","og_site_name":"Bio e Qu\u00edmica","article_modified_time":"2026-02-05T18:52:59+00:00","og_image":[{"width":1000,"height":1000,"url":"https:\/\/www.bioequimica.com.br\/site\/wp-content\/uploads\/2022\/06\/UW620H-1.jpg","type":"image\/jpeg"}],"twitter_card":"summary_large_image","twitter_misc":{"Est. tempo de leitura":"3 minutos"},"schema":{"@context":"https:\/\/schema.org","@graph":[{"@type":"WebPage","@id":"https:\/\/www.bioequimica.com.br\/site\/produto\/balanca-semi-analitica-shimadzu-uw620h-620g\/","url":"https:\/\/www.bioequimica.com.br\/site\/produto\/balanca-semi-analitica-shimadzu-uw620h-620g\/","name":"BALAN\u00c7A SEMI-ANAL\u00cdTICA SHIMADZU UW620H 620g - Bio e Qu\u00edmica","isPartOf":{"@id":"https:\/\/www.bioequimica.com.br\/site\/#website"},"primaryImageOfPage":{"@id":"https:\/\/www.bioequimica.com.br\/site\/produto\/balanca-semi-analitica-shimadzu-uw620h-620g\/#primaryimage"},"image":{"@id":"https:\/\/www.bioequimica.com.br\/site\/produto\/balanca-semi-analitica-shimadzu-uw620h-620g\/#primaryimage"},"thumbnailUrl":"https:\/\/www.bioequimica.com.br\/site\/wp-content\/uploads\/2022\/06\/UW620H-1.jpg","datePublished":"2022-06-13T19:47:43+00:00","dateModified":"2026-02-05T18:52:59+00:00","description":"Balan\u00e7a Semi-Anal\u00edtica Shimadzu com Calibra\u00e7\u00e3o Interna \u2013 Capacidade de 620g, Leitura Precisa de 0,01g e Prato Amplo de 108 x 105mm","breadcrumb":{"@id":"https:\/\/www.bioequimica.com.br\/site\/produto\/balanca-semi-analitica-shimadzu-uw620h-620g\/#breadcrumb"},"inLanguage":"pt-BR","potentialAction":[{"@type":"ReadAction","target":["https:\/\/www.bioequimica.com.br\/site\/produto\/balanca-semi-analitica-shimadzu-uw620h-620g\/"]}]},{"@type":"ImageObject","inLanguage":"pt-BR","@id":"https:\/\/www.bioequimica.com.br\/site\/produto\/balanca-semi-analitica-shimadzu-uw620h-620g\/#primaryimage","url":"https:\/\/www.bioequimica.com.br\/site\/wp-content\/uploads\/2022\/06\/UW620H-1.jpg","contentUrl":"https:\/\/www.bioequimica.com.br\/site\/wp-content\/uploads\/2022\/06\/UW620H-1.jpg","width":1000,"height":1000},{"@type":"BreadcrumbList","@id":"https:\/\/www.bioequimica.com.br\/site\/produto\/balanca-semi-analitica-shimadzu-uw620h-620g\/#breadcrumb","itemListElement":[{"@type":"ListItem","position":1,"name":"In\u00edcio","item":"https:\/\/www.bioequimica.com.br\/site\/"},{"@type":"ListItem","position":2,"name":"Shop","item":"https:\/\/www.bioequimica.com.br\/site\/shop\/"},{"@type":"ListItem","position":3,"name":"BALAN\u00c7A SEMI-ANAL\u00cdTICA SHIMADZU UW620H CAPACIDADE DE 620g"}]},{"@type":"WebSite","@id":"https:\/\/www.bioequimica.com.br\/site\/#website","url":"https:\/\/www.bioequimica.com.br\/site\/","name":"Bio e Qu\u00edmica","description":"Revenda Autorizada Shimadzu, Nasco,Boeco","publisher":{"@id":"https:\/\/www.bioequimica.com.br\/site\/#organization"},"potentialAction":[{"@type":"SearchAction","target":{"@type":"EntryPoint","urlTemplate":"https:\/\/www.bioequimica.com.br\/site\/?s={search_term_string}"},"query-input":{"@type":"PropertyValueSpecification","valueRequired":true,"valueName":"search_term_string"}}],"inLanguage":"pt-BR"},{"@type":"Organization","@id":"https:\/\/www.bioequimica.com.br\/site\/#organization","name":"BioeQuimica Com\u00e9rcio de Produtos para Laborat\u00f3rio Ltda","url":"https:\/\/www.bioequimica.com.br\/site\/","logo":{"@type":"ImageObject","inLanguage":"pt-BR","@id":"https:\/\/www.bioequimica.com.br\/site\/#\/schema\/logo\/image\/","url":"https:\/\/www.bioequimica.com.br\/site\/wp-content\/uploads\/2019\/10\/bioequimica.svg","contentUrl":"https:\/\/www.bioequimica.com.br\/site\/wp-content\/uploads\/2019\/10\/bioequimica.svg","width":500,"height":143,"caption":"BioeQuimica Com\u00e9rcio de Produtos para Laborat\u00f3rio Ltda"},"image":{"@id":"https:\/\/www.bioequimica.com.br\/site\/#\/schema\/logo\/image\/"}}]}},"_links":{"self":[{"href":"https:\/\/www.bioequimica.com.br\/site\/wp-json\/wp\/v2\/product\/2767"}],"collection":[{"href":"https:\/\/www.bioequimica.com.br\/site\/wp-json\/wp\/v2\/product"}],"about":[{"href":"https:\/\/www.bioequimica.com.br\/site\/wp-json\/wp\/v2\/types\/product"}],"replies":[{"embeddable":true,"href":"https:\/\/www.bioequimica.com.br\/site\/wp-json\/wp\/v2\/comments?post=2767"}],"wp:featuredmedia":[{"embeddable":true,"href":"https:\/\/www.bioequimica.com.br\/site\/wp-json\/wp\/v2\/media\/2768"}],"wp:attachment":[{"href":"https:\/\/www.bioequimica.com.br\/site\/wp-json\/wp\/v2\/media?parent=2767"}],"wp:term":[{"taxonomy":"product_brand","embeddable":true,"href":"https:\/\/www.bioequimica.com.br\/site\/wp-json\/wp\/v2\/product_brand?post=2767"},{"taxonomy":"product_cat","embeddable":true,"href":"https:\/\/www.bioequimica.com.br\/site\/wp-json\/wp\/v2\/product_cat?post=2767"},{"taxonomy":"product_tag","embeddable":true,"href":"https:\/\/www.bioequimica.com.br\/site\/wp-json\/wp\/v2\/product_tag?post=2767"}],"curies":[{"name":"wp","href":"https:\/\/api.w.org\/{rel}","templated":true}]}}