{"id":2775,"date":"2022-06-14T17:11:53","date_gmt":"2022-06-14T20:11:53","guid":{"rendered":"https:\/\/www.bioequimica.com.br\/site\/?post_type=product&#038;p=2775"},"modified":"2026-02-05T15:54:21","modified_gmt":"2026-02-05T18:54:21","slug":"balanca-semi-analitica-shimadzu-uw4200-4200g","status":"publish","type":"product","link":"https:\/\/www.bioequimica.com.br\/site\/produto\/balanca-semi-analitica-shimadzu-uw4200-4200g\/","title":{"rendered":"BALAN\u00c7A SEMI-ANAL\u00cdTICA SHIMADZU UW4200H CAPACIDADE DE 4200g"},"content":{"rendered":"<p><strong>Balan\u00e7a Semi-Anal\u00edtica Shimadzu UW4200H \u2013 Alta Precis\u00e3o e Tecnologia Inovadora<\/strong><\/p>\n<p>Balan\u00e7a Semi-Anal\u00edtica Shimadzu com Calibra\u00e7\u00e3o Interna<\/p>\n<p>A balan\u00e7a semi-anal\u00edtica Shimadzu UW4200H vem equipada com o inovador mecanismo UniBloc, o qual proporciona respostas r\u00e1pidas, excelente estabilidade e durabilidade. Al\u00e9m disso, seus poderosos recursos suportam uma ampla gama de aplica\u00e7\u00f5es. Ademais, a s\u00e9rie UW inclui um peso de calibra\u00e7\u00e3o interno motorizado e fun\u00e7\u00f5es de calibra\u00e7\u00e3o totalmente autom\u00e1ticas, <strong>o\u00a0<\/strong>que assegura medi\u00e7\u00f5es precisas e confi\u00e1veis.<\/p>\n<h4><strong>Tecnologia UniBloc e Seus Benef\u00edcios<\/strong><\/h4>\n<p>A balan\u00e7a Shimadzu UW4200H substitui o mecanismo convencional da balan\u00e7a eletromagn\u00e9tica por uma pe\u00e7a \u00fanica de alum\u00ednio, chamada UniBloc Shimadzu. Este mecanismo, controlado digitalmente e produzido atrav\u00e9s de um processo de corte por descarga el\u00e9trica, oferece uma resposta r\u00e1pida, estabilidade frente a mudan\u00e7as de temperatura e alta durabilidade. Introduzida pela Shimadzu nas balan\u00e7as da s\u00e9rie EB-K em 1989, essa tecnologia proporciona excelentes benef\u00edcios ao usu\u00e1rio. Consequentemente, a balan\u00e7a Shimadzu UW4200H \u00e9 ideal para aplica\u00e7\u00f5es que exigem precis\u00e3o e confiabilidade.<\/p>\n<h4><strong>Rel\u00f3gio Interno em Conformidade com GLP\/GMP\/ISO<\/strong><\/h4>\n<p><strong>Para<\/strong> atender a ambientes regulamentados, a balan\u00e7a UW4200H cumpre os requisitos das normas GLP\/GMP\/ISO9000. Al\u00e9m disso, o dispositivo emite relat\u00f3rios de calibra\u00e7\u00e3o com data e hora, facilitando a conformidade e a administra\u00e7\u00e3o de procedimentos administrativos.<\/p>\n<h4><strong>Modos de Display Anal\u00f3gico<\/strong><\/h4>\n<ul>\n<li><strong>Faixa Completa<\/strong>: Assim, as barras gr\u00e1ficas indicam claramente o peso total, incluindo a tara, como percentual da capacidade da balan\u00e7a.<\/li>\n<li><strong>Atingir a Meta<\/strong>: Voc\u00ea pode selecionar um peso alvo e a toler\u00e2ncia desejada. Portanto, o display indica claramente quando a meta \u00e9 atingida.<\/li>\n<li><strong>Modo Compara\u00e7\u00e3o<\/strong>: Defina um limite superior e inferior. Em seguida, o display mostra continuamente se a amostra est\u00e1 dentro da faixa \u201cGO\u201d, acima da faixa \u201cHI\u201d ou abaixo da faixa \u201cLO\u201d. Dessa forma, voc\u00ea pode escolher entre dois modos de display de barras gr\u00e1ficas para maior clareza.<\/li>\n<\/ul>\n<h4><strong>Calibra\u00e7\u00e3o Autom\u00e1tica PSC<\/strong><\/h4>\n<p>A balan\u00e7a Shimadzu UW4200H oferece calibra\u00e7\u00e3o autom\u00e1tica programada para hor\u00e1rios pr\u00e9-selecionados (at\u00e9 tr\u00eas vezes ao dia). Como resultado, os operadores podem trabalhar continuamente, sem interrup\u00e7\u00f5es, garantindo maior efici\u00eancia e precis\u00e3o nas medi\u00e7\u00f5es.<\/p>\n<p>&nbsp;<\/p>\n<p><strong>Detalhes:<\/strong><\/p>\n<table width=\"241\">\n<tbody>\n<tr>\n<td width=\"179\">Capacidade<\/td>\n<td width=\"62\">4200g<\/td>\n<\/tr>\n<tr>\n<td>Display m\u00ednimo<\/td>\n<td>0,01g<\/td>\n<\/tr>\n<tr>\n<td>Repetibilidade<\/td>\n<td>&lt;0,01g<\/td>\n<\/tr>\n<tr>\n<td>Linearidade<\/td>\n<td>-+0.02g<\/td>\n<\/tr>\n<tr>\n<td>Tempo de resposta<\/td>\n<td>1,5 &#8211; 2,5s<\/td>\n<\/tr>\n<tr>\n<td>Tamanho da bandeja (mm)<\/td>\n<td>170&#215;180<\/td>\n<\/tr>\n<\/tbody>\n<\/table>\n","protected":false},"excerpt":{"rendered":"<p>Nova linha de balan\u00e7as de carga alta Shimadzu s\u00e3o projetadas com o inovador mecanismo UniBloc que oferece resist\u00eancia ao impacto superior, uma resposta r\u00e1pida \u00fanica, excelente estabilidade e durabilidade ao mesmo tempo. Caracter\u00edsticas fortes suportam qualquer aplica\u00e7\u00e3o de pesagem imagin\u00e1vel. A s\u00e9rie UW vem com o peso de calibra\u00e7\u00e3o incorporado ao mecanismo e fun\u00e7\u00f5es de calibra\u00e7\u00e3o totalmente autom\u00e1ticas.<\/p>\n","protected":false},"featured_media":2776,"comment_status":"open","ping_status":"closed","template":"","meta":{"_monsterinsights_skip_tracking":false,"_monsterinsights_sitenote_active":false,"_monsterinsights_sitenote_note":"","_monsterinsights_sitenote_category":0},"product_brand":[],"product_cat":[121,100],"product_tag":[],"class_list":{"0":"post-2775","1":"product","2":"type-product","3":"status-publish","4":"has-post-thumbnail","6":"product_cat-balancas-semi-analiticas","7":"product_cat-shimadzu","9":"first","10":"instock","11":"featured","12":"shipping-taxable","13":"product-type-simple"},"yoast_head":"<!-- This site is optimized with the Yoast SEO plugin v25.5 - https:\/\/yoast.com\/wordpress\/plugins\/seo\/ -->\n<title>BALAN\u00c7A SEMI-ANAL\u00cdTICA SHIMADZU UW4200H 4200G - Bio e Qu\u00edmica<\/title>\n<meta name=\"description\" content=\"Balan\u00e7a Semi-Anal\u00edtica Shimadzu com Calibra\u00e7\u00e3o Interna \u2013 Capacidade de 4,2kg, Leitura de 0,01g e Prato Amplo de 170 x 180 mm.\" \/>\n<meta name=\"robots\" content=\"index, follow, max-snippet:-1, max-image-preview:large, max-video-preview:-1\" \/>\n<link rel=\"canonical\" href=\"https:\/\/www.bioequimica.com.br\/site\/produto\/balanca-semi-analitica-shimadzu-uw4200-4200g\/\" \/>\n<meta property=\"og:locale\" content=\"pt_BR\" \/>\n<meta property=\"og:type\" content=\"article\" \/>\n<meta property=\"og:title\" content=\"BALAN\u00c7A SEMI-ANAL\u00cdTICA SHIMADZU UW4200H 4200G - Bio e Qu\u00edmica\" \/>\n<meta property=\"og:description\" content=\"Balan\u00e7a Semi-Anal\u00edtica Shimadzu com Calibra\u00e7\u00e3o Interna \u2013 Capacidade de 4,2kg, Leitura de 0,01g e Prato Amplo de 170 x 180 mm.\" \/>\n<meta property=\"og:url\" content=\"https:\/\/www.bioequimica.com.br\/site\/produto\/balanca-semi-analitica-shimadzu-uw4200-4200g\/\" \/>\n<meta property=\"og:site_name\" content=\"Bio e Qu\u00edmica\" \/>\n<meta property=\"article:modified_time\" content=\"2026-02-05T18:54:21+00:00\" \/>\n<meta property=\"og:image\" content=\"https:\/\/www.bioequimica.com.br\/site\/wp-content\/uploads\/2022\/06\/UW4200H.jpg\" \/>\n\t<meta property=\"og:image:width\" content=\"500\" \/>\n\t<meta property=\"og:image:height\" content=\"500\" \/>\n\t<meta property=\"og:image:type\" content=\"image\/jpeg\" \/>\n<meta name=\"twitter:card\" content=\"summary_large_image\" \/>\n<meta name=\"twitter:label1\" content=\"Est. tempo de leitura\" \/>\n\t<meta name=\"twitter:data1\" content=\"3 minutos\" \/>\n<script type=\"application\/ld+json\" class=\"yoast-schema-graph\">{\"@context\":\"https:\/\/schema.org\",\"@graph\":[{\"@type\":\"WebPage\",\"@id\":\"https:\/\/www.bioequimica.com.br\/site\/produto\/balanca-semi-analitica-shimadzu-uw4200-4200g\/\",\"url\":\"https:\/\/www.bioequimica.com.br\/site\/produto\/balanca-semi-analitica-shimadzu-uw4200-4200g\/\",\"name\":\"BALAN\u00c7A SEMI-ANAL\u00cdTICA SHIMADZU UW4200H 4200G - Bio e Qu\u00edmica\",\"isPartOf\":{\"@id\":\"https:\/\/www.bioequimica.com.br\/site\/#website\"},\"primaryImageOfPage\":{\"@id\":\"https:\/\/www.bioequimica.com.br\/site\/produto\/balanca-semi-analitica-shimadzu-uw4200-4200g\/#primaryimage\"},\"image\":{\"@id\":\"https:\/\/www.bioequimica.com.br\/site\/produto\/balanca-semi-analitica-shimadzu-uw4200-4200g\/#primaryimage\"},\"thumbnailUrl\":\"https:\/\/www.bioequimica.com.br\/site\/wp-content\/uploads\/2022\/06\/UW4200H.jpg\",\"datePublished\":\"2022-06-14T20:11:53+00:00\",\"dateModified\":\"2026-02-05T18:54:21+00:00\",\"description\":\"Balan\u00e7a Semi-Anal\u00edtica Shimadzu com Calibra\u00e7\u00e3o Interna \u2013 Capacidade de 4,2kg, Leitura de 0,01g e Prato Amplo de 170 x 180 mm.\",\"breadcrumb\":{\"@id\":\"https:\/\/www.bioequimica.com.br\/site\/produto\/balanca-semi-analitica-shimadzu-uw4200-4200g\/#breadcrumb\"},\"inLanguage\":\"pt-BR\",\"potentialAction\":[{\"@type\":\"ReadAction\",\"target\":[\"https:\/\/www.bioequimica.com.br\/site\/produto\/balanca-semi-analitica-shimadzu-uw4200-4200g\/\"]}]},{\"@type\":\"ImageObject\",\"inLanguage\":\"pt-BR\",\"@id\":\"https:\/\/www.bioequimica.com.br\/site\/produto\/balanca-semi-analitica-shimadzu-uw4200-4200g\/#primaryimage\",\"url\":\"https:\/\/www.bioequimica.com.br\/site\/wp-content\/uploads\/2022\/06\/UW4200H.jpg\",\"contentUrl\":\"https:\/\/www.bioequimica.com.br\/site\/wp-content\/uploads\/2022\/06\/UW4200H.jpg\",\"width\":500,\"height\":500},{\"@type\":\"BreadcrumbList\",\"@id\":\"https:\/\/www.bioequimica.com.br\/site\/produto\/balanca-semi-analitica-shimadzu-uw4200-4200g\/#breadcrumb\",\"itemListElement\":[{\"@type\":\"ListItem\",\"position\":1,\"name\":\"In\u00edcio\",\"item\":\"https:\/\/www.bioequimica.com.br\/site\/\"},{\"@type\":\"ListItem\",\"position\":2,\"name\":\"Shop\",\"item\":\"https:\/\/www.bioequimica.com.br\/site\/shop\/\"},{\"@type\":\"ListItem\",\"position\":3,\"name\":\"BALAN\u00c7A SEMI-ANAL\u00cdTICA SHIMADZU UW4200H CAPACIDADE DE 4200g\"}]},{\"@type\":\"WebSite\",\"@id\":\"https:\/\/www.bioequimica.com.br\/site\/#website\",\"url\":\"https:\/\/www.bioequimica.com.br\/site\/\",\"name\":\"Bio e Qu\u00edmica\",\"description\":\"Revenda Autorizada Shimadzu, Nasco,Boeco\",\"publisher\":{\"@id\":\"https:\/\/www.bioequimica.com.br\/site\/#organization\"},\"potentialAction\":[{\"@type\":\"SearchAction\",\"target\":{\"@type\":\"EntryPoint\",\"urlTemplate\":\"https:\/\/www.bioequimica.com.br\/site\/?s={search_term_string}\"},\"query-input\":{\"@type\":\"PropertyValueSpecification\",\"valueRequired\":true,\"valueName\":\"search_term_string\"}}],\"inLanguage\":\"pt-BR\"},{\"@type\":\"Organization\",\"@id\":\"https:\/\/www.bioequimica.com.br\/site\/#organization\",\"name\":\"BioeQuimica Com\u00e9rcio de Produtos para Laborat\u00f3rio Ltda\",\"url\":\"https:\/\/www.bioequimica.com.br\/site\/\",\"logo\":{\"@type\":\"ImageObject\",\"inLanguage\":\"pt-BR\",\"@id\":\"https:\/\/www.bioequimica.com.br\/site\/#\/schema\/logo\/image\/\",\"url\":\"https:\/\/www.bioequimica.com.br\/site\/wp-content\/uploads\/2019\/10\/bioequimica.svg\",\"contentUrl\":\"https:\/\/www.bioequimica.com.br\/site\/wp-content\/uploads\/2019\/10\/bioequimica.svg\",\"width\":500,\"height\":143,\"caption\":\"BioeQuimica Com\u00e9rcio de Produtos para Laborat\u00f3rio Ltda\"},\"image\":{\"@id\":\"https:\/\/www.bioequimica.com.br\/site\/#\/schema\/logo\/image\/\"}}]}<\/script>\n<!-- \/ Yoast SEO plugin. -->","yoast_head_json":{"title":"BALAN\u00c7A SEMI-ANAL\u00cdTICA SHIMADZU UW4200H 4200G - Bio e Qu\u00edmica","description":"Balan\u00e7a Semi-Anal\u00edtica Shimadzu com Calibra\u00e7\u00e3o Interna \u2013 Capacidade de 4,2kg, Leitura de 0,01g e Prato Amplo de 170 x 180 mm.","robots":{"index":"index","follow":"follow","max-snippet":"max-snippet:-1","max-image-preview":"max-image-preview:large","max-video-preview":"max-video-preview:-1"},"canonical":"https:\/\/www.bioequimica.com.br\/site\/produto\/balanca-semi-analitica-shimadzu-uw4200-4200g\/","og_locale":"pt_BR","og_type":"article","og_title":"BALAN\u00c7A SEMI-ANAL\u00cdTICA SHIMADZU UW4200H 4200G - Bio e Qu\u00edmica","og_description":"Balan\u00e7a Semi-Anal\u00edtica Shimadzu com Calibra\u00e7\u00e3o Interna \u2013 Capacidade de 4,2kg, Leitura de 0,01g e Prato Amplo de 170 x 180 mm.","og_url":"https:\/\/www.bioequimica.com.br\/site\/produto\/balanca-semi-analitica-shimadzu-uw4200-4200g\/","og_site_name":"Bio e Qu\u00edmica","article_modified_time":"2026-02-05T18:54:21+00:00","og_image":[{"width":500,"height":500,"url":"https:\/\/www.bioequimica.com.br\/site\/wp-content\/uploads\/2022\/06\/UW4200H.jpg","type":"image\/jpeg"}],"twitter_card":"summary_large_image","twitter_misc":{"Est. tempo de leitura":"3 minutos"},"schema":{"@context":"https:\/\/schema.org","@graph":[{"@type":"WebPage","@id":"https:\/\/www.bioequimica.com.br\/site\/produto\/balanca-semi-analitica-shimadzu-uw4200-4200g\/","url":"https:\/\/www.bioequimica.com.br\/site\/produto\/balanca-semi-analitica-shimadzu-uw4200-4200g\/","name":"BALAN\u00c7A SEMI-ANAL\u00cdTICA SHIMADZU UW4200H 4200G - Bio e Qu\u00edmica","isPartOf":{"@id":"https:\/\/www.bioequimica.com.br\/site\/#website"},"primaryImageOfPage":{"@id":"https:\/\/www.bioequimica.com.br\/site\/produto\/balanca-semi-analitica-shimadzu-uw4200-4200g\/#primaryimage"},"image":{"@id":"https:\/\/www.bioequimica.com.br\/site\/produto\/balanca-semi-analitica-shimadzu-uw4200-4200g\/#primaryimage"},"thumbnailUrl":"https:\/\/www.bioequimica.com.br\/site\/wp-content\/uploads\/2022\/06\/UW4200H.jpg","datePublished":"2022-06-14T20:11:53+00:00","dateModified":"2026-02-05T18:54:21+00:00","description":"Balan\u00e7a Semi-Anal\u00edtica Shimadzu com Calibra\u00e7\u00e3o Interna \u2013 Capacidade de 4,2kg, Leitura de 0,01g e Prato Amplo de 170 x 180 mm.","breadcrumb":{"@id":"https:\/\/www.bioequimica.com.br\/site\/produto\/balanca-semi-analitica-shimadzu-uw4200-4200g\/#breadcrumb"},"inLanguage":"pt-BR","potentialAction":[{"@type":"ReadAction","target":["https:\/\/www.bioequimica.com.br\/site\/produto\/balanca-semi-analitica-shimadzu-uw4200-4200g\/"]}]},{"@type":"ImageObject","inLanguage":"pt-BR","@id":"https:\/\/www.bioequimica.com.br\/site\/produto\/balanca-semi-analitica-shimadzu-uw4200-4200g\/#primaryimage","url":"https:\/\/www.bioequimica.com.br\/site\/wp-content\/uploads\/2022\/06\/UW4200H.jpg","contentUrl":"https:\/\/www.bioequimica.com.br\/site\/wp-content\/uploads\/2022\/06\/UW4200H.jpg","width":500,"height":500},{"@type":"BreadcrumbList","@id":"https:\/\/www.bioequimica.com.br\/site\/produto\/balanca-semi-analitica-shimadzu-uw4200-4200g\/#breadcrumb","itemListElement":[{"@type":"ListItem","position":1,"name":"In\u00edcio","item":"https:\/\/www.bioequimica.com.br\/site\/"},{"@type":"ListItem","position":2,"name":"Shop","item":"https:\/\/www.bioequimica.com.br\/site\/shop\/"},{"@type":"ListItem","position":3,"name":"BALAN\u00c7A SEMI-ANAL\u00cdTICA SHIMADZU UW4200H CAPACIDADE DE 4200g"}]},{"@type":"WebSite","@id":"https:\/\/www.bioequimica.com.br\/site\/#website","url":"https:\/\/www.bioequimica.com.br\/site\/","name":"Bio e Qu\u00edmica","description":"Revenda Autorizada Shimadzu, Nasco,Boeco","publisher":{"@id":"https:\/\/www.bioequimica.com.br\/site\/#organization"},"potentialAction":[{"@type":"SearchAction","target":{"@type":"EntryPoint","urlTemplate":"https:\/\/www.bioequimica.com.br\/site\/?s={search_term_string}"},"query-input":{"@type":"PropertyValueSpecification","valueRequired":true,"valueName":"search_term_string"}}],"inLanguage":"pt-BR"},{"@type":"Organization","@id":"https:\/\/www.bioequimica.com.br\/site\/#organization","name":"BioeQuimica Com\u00e9rcio de Produtos para Laborat\u00f3rio Ltda","url":"https:\/\/www.bioequimica.com.br\/site\/","logo":{"@type":"ImageObject","inLanguage":"pt-BR","@id":"https:\/\/www.bioequimica.com.br\/site\/#\/schema\/logo\/image\/","url":"https:\/\/www.bioequimica.com.br\/site\/wp-content\/uploads\/2019\/10\/bioequimica.svg","contentUrl":"https:\/\/www.bioequimica.com.br\/site\/wp-content\/uploads\/2019\/10\/bioequimica.svg","width":500,"height":143,"caption":"BioeQuimica Com\u00e9rcio de Produtos para Laborat\u00f3rio Ltda"},"image":{"@id":"https:\/\/www.bioequimica.com.br\/site\/#\/schema\/logo\/image\/"}}]}},"_links":{"self":[{"href":"https:\/\/www.bioequimica.com.br\/site\/wp-json\/wp\/v2\/product\/2775"}],"collection":[{"href":"https:\/\/www.bioequimica.com.br\/site\/wp-json\/wp\/v2\/product"}],"about":[{"href":"https:\/\/www.bioequimica.com.br\/site\/wp-json\/wp\/v2\/types\/product"}],"replies":[{"embeddable":true,"href":"https:\/\/www.bioequimica.com.br\/site\/wp-json\/wp\/v2\/comments?post=2775"}],"wp:featuredmedia":[{"embeddable":true,"href":"https:\/\/www.bioequimica.com.br\/site\/wp-json\/wp\/v2\/media\/2776"}],"wp:attachment":[{"href":"https:\/\/www.bioequimica.com.br\/site\/wp-json\/wp\/v2\/media?parent=2775"}],"wp:term":[{"taxonomy":"product_brand","embeddable":true,"href":"https:\/\/www.bioequimica.com.br\/site\/wp-json\/wp\/v2\/product_brand?post=2775"},{"taxonomy":"product_cat","embeddable":true,"href":"https:\/\/www.bioequimica.com.br\/site\/wp-json\/wp\/v2\/product_cat?post=2775"},{"taxonomy":"product_tag","embeddable":true,"href":"https:\/\/www.bioequimica.com.br\/site\/wp-json\/wp\/v2\/product_tag?post=2775"}],"curies":[{"name":"wp","href":"https:\/\/api.w.org\/{rel}","templated":true}]}}