{"id":2899,"date":"2022-07-27T10:12:28","date_gmt":"2022-07-27T13:12:28","guid":{"rendered":"https:\/\/www.bioequimica.com.br\/site\/?post_type=product&#038;p=2899"},"modified":"2024-08-26T15:00:06","modified_gmt":"2024-08-26T18:00:06","slug":"dispensador-dosador-de-liquido-autoclavavel-de-10-a-100ml-serie-as-boeco","status":"publish","type":"product","link":"https:\/\/www.bioequimica.com.br\/site\/produto\/dispensador-dosador-de-liquido-autoclavavel-de-10-a-100ml-serie-as-boeco\/","title":{"rendered":"DISPENSADOR DOSADOR DE LIQUIDO AUTOCLAVAVEL DE 1,0 A 10,0ML &#8211; SERIE AS &#8211; BOECO"},"content":{"rendered":"<p><strong>Dispensador (dosador) de l\u00edquido da s\u00e9rie BOECO SA<\/strong><\/p>\n<p>O mecanismo de pist\u00e3o exclusivo permite a limpeza do pist\u00e3o e do cilindro sem perturbar a calibra\u00e7\u00e3o. Al\u00e9m disso, o design da v\u00e1lvula sem mola contribui para um funcionamento suave e oferece alta resist\u00eancia qu\u00edmica.<\/p>\n<h4><strong>Manipula\u00e7\u00e3o Perfeita<\/strong><\/h4>\n<p>Primeiramente, o tubo de descarga com rota\u00e7\u00e3o de 360\u00b0 torna o r\u00f3tulo da garrafa vis\u00edvel o tempo todo, o que facilita a identifica\u00e7\u00e3o dos conte\u00fados. Al\u00e9m disso, a facilidade de ajuste de volume \u00e9 garantida pelo mecanismo de travamento, proporcionando precis\u00e3o e seguran\u00e7a durante o uso.<\/p>\n<p>Adicionalmente, o tubo de enchimento telesc\u00f3pico \u00e9 compat\u00edvel com diferentes tamanhos de frascos de reagentes. Portanto, ele se adapta facilmente \u00e0s diversas necessidades do laborat\u00f3rio. Para maior conveni\u00eancia, o dispensador vem com 4 adaptadores adicionais que atendem aos tamanhos comuns de garrafas. Consequentemente, a dispensa\u00e7\u00e3o \u00e9 f\u00e1cil e a prepara\u00e7\u00e3o \u00e9 r\u00e1pida, melhorando significativamente a efici\u00eancia no ambiente de trabalho.<\/p>\n<h4><strong>Caracter\u00edsticas principais<\/strong><\/h4>\n<p>Excelente resist\u00eancia qu\u00edmica<br \/>\nCaminho de fluido permanente vis\u00edvel<br \/>\nRobustez com desempenho duradouro<br \/>\nManuten\u00e7\u00e3o e limpeza sem complica\u00e7\u00f5es<br \/>\nF\u00e1cil de calibrar e ajustar para cumprir as normas ISO 8655-5<br \/>\nPode ser autoclavado para aplica\u00e7\u00e3o est\u00e9ril 121\u00b0C<\/p>\n<p><strong>Seguran\u00e7a<\/strong><\/p>\n<p>V\u00e1lvula de enchimento e descarga substitu\u00edvel com esfera de seguran\u00e7a<br \/>\nO barril de vidro \u00e9 protegido por uma manga de pl\u00e1stico transparente, que impede o usu\u00e1rio de cortes e respingos se o vidro quebrar<br \/>\nSuporte do tubo de descarga sem gotejamento para restringir o movimento do tubo<\/p>\n<p><strong>Aplica\u00e7\u00e3o<\/strong><\/p>\n<p>O dispensador (dosador) de l\u00edquido BOECO SA suporta uma ampla gama de aplica\u00e7\u00f5es para a distribui\u00e7\u00e3o de reagentes agressivos &#8211; diretamente do frasco de fornecimento:<br \/>\ncomo bases concentradas e \u00e1cidos como H3PO4, H2SO4 (com algumas exce\u00e7\u00f5es, como HCL, HNO3, HF, etc.) , solu\u00e7\u00f5es salinas e uma variedade de solventes org\u00e2nicos.<br \/>\nEspecialmente para uso em an\u00e1lise de tra\u00e7os para dispensar \u00e1cidos e solu\u00e7\u00f5es salinas de alta pureza e alta concentra\u00e7\u00e3o, \u00e1cidos, \u00e1lcalis e muitos solventes org\u00e2nicos, bem como per\u00f3xido de hidrog\u00eanio, bromo.<\/p>\n<p><strong>Material em contato com o meio<\/strong><\/p>\n<p>Vidro borossilicato, Al2O3-cer\u00e2mica PFA, FEP, PTFE, ETFE e PP (Tampa de rosca).<\/p>\n<p><strong>Limites de opera\u00e7\u00e3o<\/strong><\/p>\n<ul>\n<li>Temperatura: +15 \u00b0C a +40 \u00b0C<\/li>\n<li>Press\u00e3o do vapor: m\u00e1x. 500 mbar<\/li>\n<li>Viscosidade: m\u00e1x. 500 mm2\/s<\/li>\n<li>Densidade: m\u00e1x. 2,2 g\/cm3<\/li>\n<li>L\u00edquidos que atacam ETFE, FEP, PFA e PTFE (por exemplo, azida de s\u00f3dio dissolvida)<\/li>\n<li>L\u00edquidos que atacam vidro borossilicato (por exemplo, \u00e1cido fluor\u00eddrico) \u00c1cido<\/li>\n<li>clor\u00eddrico &gt; 20 % e \u00e1cido n\u00edtrico &gt; 30 %<\/li>\n<li>Tetrahidrofurano, \u00c1cido trifluoroac\u00e9tico<\/li>\n<li>L\u00edquidos explosivos (por exemplo, dissulfeto de carbono)<\/li>\n<li>Suspens\u00f5es (por exemplo, de carv\u00e3o) como part\u00edculas s\u00f3lidas podem entupir ou danificar o instrumento.<\/li>\n<li>L\u00edquidos atacando PP (Bottle screw cap)<\/li>\n<li>Adaptadores 28\/38\/40\/45<\/li>\n<li>Incremento 0,20ml<\/li>\n<\/ul>\n","protected":false},"excerpt":{"rendered":"<p>Marca: Boeco<br \/>\nModelo: BOE 9680010<br \/>\nTipo: Dispensador (dosador) de liquido autoclav\u00e1vel de 1,0 a 10,0ml &#8211; serie AS<\/p>\n","protected":false},"featured_media":2900,"comment_status":"open","ping_status":"closed","template":"","meta":{"_monsterinsights_skip_tracking":false,"_monsterinsights_sitenote_active":false,"_monsterinsights_sitenote_note":"","_monsterinsights_sitenote_category":0},"product_brand":[],"product_cat":[112],"product_tag":[],"class_list":{"0":"post-2899","1":"product","2":"type-product","3":"status-publish","4":"has-post-thumbnail","6":"product_cat-boeco","8":"first","9":"instock","10":"shipping-taxable","11":"product-type-simple"},"yoast_head":"<!-- This site is optimized with the Yoast SEO plugin v25.5 - https:\/\/yoast.com\/wordpress\/plugins\/seo\/ -->\n<title>DISPENSADOR DOSADOR DE L\u00cdQUIDO AUTOCLAVAVEL - Bio e Qu\u00edmica<\/title>\n<meta name=\"description\" content=\"Dosador de l\u00edquido da s\u00e9rie GP BOECO, com capacidade de 5 a 50,0 ml. Autoclav\u00e1vel e resistente, ideal para ambientes laboratoriais que exigem precis\u00e3o.\" \/>\n<meta name=\"robots\" content=\"index, follow, max-snippet:-1, max-image-preview:large, max-video-preview:-1\" \/>\n<link rel=\"canonical\" href=\"https:\/\/www.bioequimica.com.br\/site\/produto\/dispensador-dosador-de-liquido-autoclavavel-de-10-a-100ml-serie-as-boeco\/\" \/>\n<meta property=\"og:locale\" content=\"pt_BR\" \/>\n<meta property=\"og:type\" content=\"article\" \/>\n<meta property=\"og:title\" content=\"DISPENSADOR DOSADOR DE L\u00cdQUIDO AUTOCLAVAVEL - Bio e Qu\u00edmica\" \/>\n<meta property=\"og:description\" content=\"Dosador de l\u00edquido da s\u00e9rie GP BOECO, com capacidade de 5 a 50,0 ml. Autoclav\u00e1vel e resistente, ideal para ambientes laboratoriais que exigem precis\u00e3o.\" \/>\n<meta property=\"og:url\" content=\"https:\/\/www.bioequimica.com.br\/site\/produto\/dispensador-dosador-de-liquido-autoclavavel-de-10-a-100ml-serie-as-boeco\/\" \/>\n<meta property=\"og:site_name\" content=\"Bio e Qu\u00edmica\" \/>\n<meta property=\"article:modified_time\" content=\"2024-08-26T18:00:06+00:00\" \/>\n<meta property=\"og:image\" content=\"https:\/\/www.bioequimica.com.br\/site\/wp-content\/uploads\/2022\/07\/BOE-9680010.jpg\" \/>\n\t<meta property=\"og:image:width\" content=\"800\" \/>\n\t<meta property=\"og:image:height\" content=\"800\" \/>\n\t<meta property=\"og:image:type\" content=\"image\/jpeg\" \/>\n<meta name=\"twitter:card\" content=\"summary_large_image\" \/>\n<meta name=\"twitter:label1\" content=\"Est. tempo de leitura\" \/>\n\t<meta name=\"twitter:data1\" content=\"3 minutos\" \/>\n<script type=\"application\/ld+json\" class=\"yoast-schema-graph\">{\"@context\":\"https:\/\/schema.org\",\"@graph\":[{\"@type\":\"WebPage\",\"@id\":\"https:\/\/www.bioequimica.com.br\/site\/produto\/dispensador-dosador-de-liquido-autoclavavel-de-10-a-100ml-serie-as-boeco\/\",\"url\":\"https:\/\/www.bioequimica.com.br\/site\/produto\/dispensador-dosador-de-liquido-autoclavavel-de-10-a-100ml-serie-as-boeco\/\",\"name\":\"DISPENSADOR DOSADOR DE L\u00cdQUIDO AUTOCLAVAVEL - Bio e Qu\u00edmica\",\"isPartOf\":{\"@id\":\"https:\/\/www.bioequimica.com.br\/site\/#website\"},\"primaryImageOfPage\":{\"@id\":\"https:\/\/www.bioequimica.com.br\/site\/produto\/dispensador-dosador-de-liquido-autoclavavel-de-10-a-100ml-serie-as-boeco\/#primaryimage\"},\"image\":{\"@id\":\"https:\/\/www.bioequimica.com.br\/site\/produto\/dispensador-dosador-de-liquido-autoclavavel-de-10-a-100ml-serie-as-boeco\/#primaryimage\"},\"thumbnailUrl\":\"https:\/\/www.bioequimica.com.br\/site\/wp-content\/uploads\/2022\/07\/BOE-9680010.jpg\",\"datePublished\":\"2022-07-27T13:12:28+00:00\",\"dateModified\":\"2024-08-26T18:00:06+00:00\",\"description\":\"Dosador de l\u00edquido da s\u00e9rie GP BOECO, com capacidade de 5 a 50,0 ml. Autoclav\u00e1vel e resistente, ideal para ambientes laboratoriais que exigem precis\u00e3o.\",\"breadcrumb\":{\"@id\":\"https:\/\/www.bioequimica.com.br\/site\/produto\/dispensador-dosador-de-liquido-autoclavavel-de-10-a-100ml-serie-as-boeco\/#breadcrumb\"},\"inLanguage\":\"pt-BR\",\"potentialAction\":[{\"@type\":\"ReadAction\",\"target\":[\"https:\/\/www.bioequimica.com.br\/site\/produto\/dispensador-dosador-de-liquido-autoclavavel-de-10-a-100ml-serie-as-boeco\/\"]}]},{\"@type\":\"ImageObject\",\"inLanguage\":\"pt-BR\",\"@id\":\"https:\/\/www.bioequimica.com.br\/site\/produto\/dispensador-dosador-de-liquido-autoclavavel-de-10-a-100ml-serie-as-boeco\/#primaryimage\",\"url\":\"https:\/\/www.bioequimica.com.br\/site\/wp-content\/uploads\/2022\/07\/BOE-9680010.jpg\",\"contentUrl\":\"https:\/\/www.bioequimica.com.br\/site\/wp-content\/uploads\/2022\/07\/BOE-9680010.jpg\",\"width\":800,\"height\":800},{\"@type\":\"BreadcrumbList\",\"@id\":\"https:\/\/www.bioequimica.com.br\/site\/produto\/dispensador-dosador-de-liquido-autoclavavel-de-10-a-100ml-serie-as-boeco\/#breadcrumb\",\"itemListElement\":[{\"@type\":\"ListItem\",\"position\":1,\"name\":\"In\u00edcio\",\"item\":\"https:\/\/www.bioequimica.com.br\/site\/\"},{\"@type\":\"ListItem\",\"position\":2,\"name\":\"Shop\",\"item\":\"https:\/\/www.bioequimica.com.br\/site\/shop\/\"},{\"@type\":\"ListItem\",\"position\":3,\"name\":\"DISPENSADOR DOSADOR DE LIQUIDO AUTOCLAVAVEL DE 1,0 A 10,0ML &#8211; SERIE AS &#8211; BOECO\"}]},{\"@type\":\"WebSite\",\"@id\":\"https:\/\/www.bioequimica.com.br\/site\/#website\",\"url\":\"https:\/\/www.bioequimica.com.br\/site\/\",\"name\":\"Bio e Qu\u00edmica\",\"description\":\"Revenda Autorizada Shimadzu, Nasco,Boeco\",\"publisher\":{\"@id\":\"https:\/\/www.bioequimica.com.br\/site\/#organization\"},\"potentialAction\":[{\"@type\":\"SearchAction\",\"target\":{\"@type\":\"EntryPoint\",\"urlTemplate\":\"https:\/\/www.bioequimica.com.br\/site\/?s={search_term_string}\"},\"query-input\":{\"@type\":\"PropertyValueSpecification\",\"valueRequired\":true,\"valueName\":\"search_term_string\"}}],\"inLanguage\":\"pt-BR\"},{\"@type\":\"Organization\",\"@id\":\"https:\/\/www.bioequimica.com.br\/site\/#organization\",\"name\":\"BioeQuimica Com\u00e9rcio de Produtos para Laborat\u00f3rio Ltda\",\"url\":\"https:\/\/www.bioequimica.com.br\/site\/\",\"logo\":{\"@type\":\"ImageObject\",\"inLanguage\":\"pt-BR\",\"@id\":\"https:\/\/www.bioequimica.com.br\/site\/#\/schema\/logo\/image\/\",\"url\":\"https:\/\/www.bioequimica.com.br\/site\/wp-content\/uploads\/2019\/10\/bioequimica.svg\",\"contentUrl\":\"https:\/\/www.bioequimica.com.br\/site\/wp-content\/uploads\/2019\/10\/bioequimica.svg\",\"width\":500,\"height\":143,\"caption\":\"BioeQuimica Com\u00e9rcio de Produtos para Laborat\u00f3rio Ltda\"},\"image\":{\"@id\":\"https:\/\/www.bioequimica.com.br\/site\/#\/schema\/logo\/image\/\"}}]}<\/script>\n<!-- \/ Yoast SEO plugin. -->","yoast_head_json":{"title":"DISPENSADOR DOSADOR DE L\u00cdQUIDO AUTOCLAVAVEL - Bio e Qu\u00edmica","description":"Dosador de l\u00edquido da s\u00e9rie GP BOECO, com capacidade de 5 a 50,0 ml. Autoclav\u00e1vel e resistente, ideal para ambientes laboratoriais que exigem precis\u00e3o.","robots":{"index":"index","follow":"follow","max-snippet":"max-snippet:-1","max-image-preview":"max-image-preview:large","max-video-preview":"max-video-preview:-1"},"canonical":"https:\/\/www.bioequimica.com.br\/site\/produto\/dispensador-dosador-de-liquido-autoclavavel-de-10-a-100ml-serie-as-boeco\/","og_locale":"pt_BR","og_type":"article","og_title":"DISPENSADOR DOSADOR DE L\u00cdQUIDO AUTOCLAVAVEL - Bio e Qu\u00edmica","og_description":"Dosador de l\u00edquido da s\u00e9rie GP BOECO, com capacidade de 5 a 50,0 ml. Autoclav\u00e1vel e resistente, ideal para ambientes laboratoriais que exigem precis\u00e3o.","og_url":"https:\/\/www.bioequimica.com.br\/site\/produto\/dispensador-dosador-de-liquido-autoclavavel-de-10-a-100ml-serie-as-boeco\/","og_site_name":"Bio e Qu\u00edmica","article_modified_time":"2024-08-26T18:00:06+00:00","og_image":[{"width":800,"height":800,"url":"https:\/\/www.bioequimica.com.br\/site\/wp-content\/uploads\/2022\/07\/BOE-9680010.jpg","type":"image\/jpeg"}],"twitter_card":"summary_large_image","twitter_misc":{"Est. tempo de leitura":"3 minutos"},"schema":{"@context":"https:\/\/schema.org","@graph":[{"@type":"WebPage","@id":"https:\/\/www.bioequimica.com.br\/site\/produto\/dispensador-dosador-de-liquido-autoclavavel-de-10-a-100ml-serie-as-boeco\/","url":"https:\/\/www.bioequimica.com.br\/site\/produto\/dispensador-dosador-de-liquido-autoclavavel-de-10-a-100ml-serie-as-boeco\/","name":"DISPENSADOR DOSADOR DE L\u00cdQUIDO AUTOCLAVAVEL - Bio e Qu\u00edmica","isPartOf":{"@id":"https:\/\/www.bioequimica.com.br\/site\/#website"},"primaryImageOfPage":{"@id":"https:\/\/www.bioequimica.com.br\/site\/produto\/dispensador-dosador-de-liquido-autoclavavel-de-10-a-100ml-serie-as-boeco\/#primaryimage"},"image":{"@id":"https:\/\/www.bioequimica.com.br\/site\/produto\/dispensador-dosador-de-liquido-autoclavavel-de-10-a-100ml-serie-as-boeco\/#primaryimage"},"thumbnailUrl":"https:\/\/www.bioequimica.com.br\/site\/wp-content\/uploads\/2022\/07\/BOE-9680010.jpg","datePublished":"2022-07-27T13:12:28+00:00","dateModified":"2024-08-26T18:00:06+00:00","description":"Dosador de l\u00edquido da s\u00e9rie GP BOECO, com capacidade de 5 a 50,0 ml. Autoclav\u00e1vel e resistente, ideal para ambientes laboratoriais que exigem precis\u00e3o.","breadcrumb":{"@id":"https:\/\/www.bioequimica.com.br\/site\/produto\/dispensador-dosador-de-liquido-autoclavavel-de-10-a-100ml-serie-as-boeco\/#breadcrumb"},"inLanguage":"pt-BR","potentialAction":[{"@type":"ReadAction","target":["https:\/\/www.bioequimica.com.br\/site\/produto\/dispensador-dosador-de-liquido-autoclavavel-de-10-a-100ml-serie-as-boeco\/"]}]},{"@type":"ImageObject","inLanguage":"pt-BR","@id":"https:\/\/www.bioequimica.com.br\/site\/produto\/dispensador-dosador-de-liquido-autoclavavel-de-10-a-100ml-serie-as-boeco\/#primaryimage","url":"https:\/\/www.bioequimica.com.br\/site\/wp-content\/uploads\/2022\/07\/BOE-9680010.jpg","contentUrl":"https:\/\/www.bioequimica.com.br\/site\/wp-content\/uploads\/2022\/07\/BOE-9680010.jpg","width":800,"height":800},{"@type":"BreadcrumbList","@id":"https:\/\/www.bioequimica.com.br\/site\/produto\/dispensador-dosador-de-liquido-autoclavavel-de-10-a-100ml-serie-as-boeco\/#breadcrumb","itemListElement":[{"@type":"ListItem","position":1,"name":"In\u00edcio","item":"https:\/\/www.bioequimica.com.br\/site\/"},{"@type":"ListItem","position":2,"name":"Shop","item":"https:\/\/www.bioequimica.com.br\/site\/shop\/"},{"@type":"ListItem","position":3,"name":"DISPENSADOR DOSADOR DE LIQUIDO AUTOCLAVAVEL DE 1,0 A 10,0ML &#8211; SERIE AS &#8211; BOECO"}]},{"@type":"WebSite","@id":"https:\/\/www.bioequimica.com.br\/site\/#website","url":"https:\/\/www.bioequimica.com.br\/site\/","name":"Bio e Qu\u00edmica","description":"Revenda Autorizada Shimadzu, Nasco,Boeco","publisher":{"@id":"https:\/\/www.bioequimica.com.br\/site\/#organization"},"potentialAction":[{"@type":"SearchAction","target":{"@type":"EntryPoint","urlTemplate":"https:\/\/www.bioequimica.com.br\/site\/?s={search_term_string}"},"query-input":{"@type":"PropertyValueSpecification","valueRequired":true,"valueName":"search_term_string"}}],"inLanguage":"pt-BR"},{"@type":"Organization","@id":"https:\/\/www.bioequimica.com.br\/site\/#organization","name":"BioeQuimica Com\u00e9rcio de Produtos para Laborat\u00f3rio Ltda","url":"https:\/\/www.bioequimica.com.br\/site\/","logo":{"@type":"ImageObject","inLanguage":"pt-BR","@id":"https:\/\/www.bioequimica.com.br\/site\/#\/schema\/logo\/image\/","url":"https:\/\/www.bioequimica.com.br\/site\/wp-content\/uploads\/2019\/10\/bioequimica.svg","contentUrl":"https:\/\/www.bioequimica.com.br\/site\/wp-content\/uploads\/2019\/10\/bioequimica.svg","width":500,"height":143,"caption":"BioeQuimica Com\u00e9rcio de Produtos para Laborat\u00f3rio Ltda"},"image":{"@id":"https:\/\/www.bioequimica.com.br\/site\/#\/schema\/logo\/image\/"}}]}},"_links":{"self":[{"href":"https:\/\/www.bioequimica.com.br\/site\/wp-json\/wp\/v2\/product\/2899"}],"collection":[{"href":"https:\/\/www.bioequimica.com.br\/site\/wp-json\/wp\/v2\/product"}],"about":[{"href":"https:\/\/www.bioequimica.com.br\/site\/wp-json\/wp\/v2\/types\/product"}],"replies":[{"embeddable":true,"href":"https:\/\/www.bioequimica.com.br\/site\/wp-json\/wp\/v2\/comments?post=2899"}],"wp:featuredmedia":[{"embeddable":true,"href":"https:\/\/www.bioequimica.com.br\/site\/wp-json\/wp\/v2\/media\/2900"}],"wp:attachment":[{"href":"https:\/\/www.bioequimica.com.br\/site\/wp-json\/wp\/v2\/media?parent=2899"}],"wp:term":[{"taxonomy":"product_brand","embeddable":true,"href":"https:\/\/www.bioequimica.com.br\/site\/wp-json\/wp\/v2\/product_brand?post=2899"},{"taxonomy":"product_cat","embeddable":true,"href":"https:\/\/www.bioequimica.com.br\/site\/wp-json\/wp\/v2\/product_cat?post=2899"},{"taxonomy":"product_tag","embeddable":true,"href":"https:\/\/www.bioequimica.com.br\/site\/wp-json\/wp\/v2\/product_tag?post=2899"}],"curies":[{"name":"wp","href":"https:\/\/api.w.org\/{rel}","templated":true}]}}