{"id":788,"date":"2019-05-07T10:28:17","date_gmt":"2019-05-07T13:28:17","guid":{"rendered":"https:\/\/www.bioequimica.com.br\/site\/?post_type=product&#038;p=788"},"modified":"2024-09-09T14:48:07","modified_gmt":"2024-09-09T17:48:07","slug":"bolsa-nasco-b01245wa-532-ml-com-esponja","status":"publish","type":"product","link":"https:\/\/www.bioequimica.com.br\/site\/produto\/bolsa-nasco-b01245wa-532-ml-com-esponja\/","title":{"rendered":"BOLSA NASCO WHIRL-PAK 532 ML -COM ESPONJA E TARJA DE IDENTIFICA\u00c7\u00c3O- B01245WA"},"content":{"rendered":"<p><strong>BOLSA NASCO WHIRL-PAK 532 ML &#8211; COM ESPONJA E TARJA DE IDENTIFICA\u00c7\u00c3O &#8211; B01245WA<\/strong><\/p>\n<p><strong>Marca:<\/strong> Nasco WHIRL-PAK<br \/>\n<strong>Modelo:<\/strong> Bolsa Whirl-Pak com SPECI-SPONGE Hidratada<br \/>\n<strong>C\u00f3digo Fabricante:<\/strong> B01245WA<\/p>\n<p><strong>Caracter\u00edsticas:<\/strong><\/p>\n<ul>\n<li><strong>Capacidade:<\/strong> 532 ml<\/li>\n<li><strong>Dimens\u00f5es:<\/strong> 11,5 x 23 cm<\/li>\n<li><strong>Espessura:<\/strong> 0,064 mm<\/li>\n<li><strong>Tarja de identifica\u00e7\u00e3o:<\/strong> Inclusa<\/li>\n<li><strong>Esponja SPECI-SPONGE Hidratada:<\/strong> Inclusa<\/li>\n<li><strong>Esterilizada:<\/strong> Sim<\/li>\n<li><strong>Quantidade:<\/strong> Caixa com 100 unidades<\/li>\n<\/ul>\n<h4><strong>Descri\u00e7\u00e3o do Produto<\/strong><\/h4>\n<p>A Bolsa Whirl-Pak\u00ae com Esponja SPECI-SPONGE Hidratada da Nasco proporciona uma solu\u00e7\u00e3o pr\u00e1tica e eficiente para a amostragem de superf\u00edcies em diversos ambientes. Por exemplo, voc\u00ea pode us\u00e1-la em \u00e1reas de trabalho, equipamentos e carca\u00e7as de animais. Al\u00e9m disso, essa bolsa facilita a detec\u00e7\u00e3o de pat\u00f3genos alimentares, como Listeria, Salmonella, E. coli, coliformes e tamb\u00e9m antraz e outros agentes patog\u00eanicos.<\/p>\n<p>Primeiramente, a esponja SPECI-SPONGE, feita de celulose natural, n\u00e3o cont\u00e9m bactericidas e foi projetada para n\u00e3o inibir o crescimento de microrganismos. Portanto, ela garante a precis\u00e3o dos resultados. Ademais, a esponja vem est\u00e9ril dentro da bolsa Whirl-Pak\u00ae, garantindo um ambiente limpo e seguro para a coleta de amostras. Dessa forma, o risco de contamina\u00e7\u00e3o \u00e9 reduzido. Para garantir melhores resultados, recomendamos o uso de luvas est\u00e9reis durante a coleta.<\/p>\n<p>Depois de coletar a amostra, voc\u00ea pode reinseri-la facilmente na bolsa e, em seguida, envi\u00e1-la para um laborat\u00f3rio para an\u00e1lise. Al\u00e9m disso, adicione um meio de cultivo diretamente \u00e0 bolsa para incubar a amostra e realizar testes qualitativos (+\/-). Como alternativa, extraia os elementos da amostra da esponja, pipete e plaque-os para uma an\u00e1lise mais detalhada.<\/p>\n<p>Com capacidade de 532 ml e dimens\u00f5es de 11,5 x 23 cm, a bolsa oferece manuseio eficiente e seguro. Al\u00e9m disso, a espessura de 0,064 mm e a tarja de identifica\u00e7\u00e3o ajudam a organizar e rastrear as amostras. Consequentemente, a caixa com 100 unidades fornece uma solu\u00e7\u00e3o confi\u00e1vel e pr\u00e1tica para laborat\u00f3rios que precisam de um produto para coleta e an\u00e1lise de amostras em larga escala.<\/p>\n","protected":false},"excerpt":{"rendered":"<p style=\"text-align: justify;\">Irradiada por raios Gama! A Bolsa Whirl-Pak\u00ae com Speci-Sponge\u00ae hidratada economiza tempo e dinheiro para amostragem de uma superf\u00edcie ambiental. Elas s\u00e3o hidratadas com 10 ml de caldo neutralizante, o que ir\u00e1 neutralizar sanitizantes na superf\u00edcie, incluindo compostos de am\u00f4nia quatern\u00e1ria, fen\u00f3is, preparados de iodo, de cloro, mercuriais, de formalde\u00eddo e glutaralde\u00eddo.<\/p>\n","protected":false},"featured_media":971,"comment_status":"closed","ping_status":"closed","template":"","meta":{"_monsterinsights_skip_tracking":false,"_monsterinsights_sitenote_active":false,"_monsterinsights_sitenote_note":"","_monsterinsights_sitenote_category":0},"product_brand":[],"product_cat":[83],"product_tag":[],"class_list":{"0":"post-788","1":"product","2":"type-product","3":"status-publish","4":"has-post-thumbnail","6":"product_cat-bolsas-nasco","8":"first","9":"instock","10":"shipping-taxable","11":"purchasable","12":"product-type-simple"},"yoast_head":"<!-- This site is optimized with the Yoast SEO plugin v25.5 - https:\/\/yoast.com\/wordpress\/plugins\/seo\/ -->\n<title>BOLSA NASCO WHIRL-PAK 532 ML -COM ESPONJA E TARJA - Bio e Qu\u00edmica<\/title>\n<meta name=\"description\" content=\"Bolsa Nasco com esponja e tarja de identifica\u00e7\u00e3o, capacidade de 710ml e dimens\u00f5es de 15x23cm e 0,076mm. Esterilizada e dispon\u00edvel em caixa com 500 unidades.\" \/>\n<meta name=\"robots\" content=\"index, follow, max-snippet:-1, max-image-preview:large, max-video-preview:-1\" \/>\n<link rel=\"canonical\" href=\"https:\/\/www.bioequimica.com.br\/site\/produto\/bolsa-nasco-b01245wa-532-ml-com-esponja\/\" \/>\n<meta property=\"og:locale\" content=\"pt_BR\" \/>\n<meta property=\"og:type\" content=\"article\" \/>\n<meta property=\"og:title\" content=\"BOLSA NASCO WHIRL-PAK 532 ML -COM ESPONJA E TARJA - Bio e Qu\u00edmica\" \/>\n<meta property=\"og:description\" content=\"Bolsa Nasco com esponja e tarja de identifica\u00e7\u00e3o, capacidade de 710ml e dimens\u00f5es de 15x23cm e 0,076mm. Esterilizada e dispon\u00edvel em caixa com 500 unidades.\" \/>\n<meta property=\"og:url\" content=\"https:\/\/www.bioequimica.com.br\/site\/produto\/bolsa-nasco-b01245wa-532-ml-com-esponja\/\" \/>\n<meta property=\"og:site_name\" content=\"Bio e Qu\u00edmica\" \/>\n<meta property=\"article:modified_time\" content=\"2024-09-09T17:48:07+00:00\" \/>\n<meta property=\"og:image\" content=\"https:\/\/www.bioequimica.com.br\/site\/wp-content\/uploads\/2019\/05\/B01245WA.jpg\" \/>\n\t<meta property=\"og:image:width\" content=\"1240\" \/>\n\t<meta property=\"og:image:height\" content=\"1240\" \/>\n\t<meta property=\"og:image:type\" content=\"image\/jpeg\" \/>\n<meta name=\"twitter:card\" content=\"summary_large_image\" \/>\n<meta name=\"twitter:label1\" content=\"Est. tempo de leitura\" \/>\n\t<meta name=\"twitter:data1\" content=\"2 minutos\" \/>\n<script type=\"application\/ld+json\" class=\"yoast-schema-graph\">{\"@context\":\"https:\/\/schema.org\",\"@graph\":[{\"@type\":\"WebPage\",\"@id\":\"https:\/\/www.bioequimica.com.br\/site\/produto\/bolsa-nasco-b01245wa-532-ml-com-esponja\/\",\"url\":\"https:\/\/www.bioequimica.com.br\/site\/produto\/bolsa-nasco-b01245wa-532-ml-com-esponja\/\",\"name\":\"BOLSA NASCO WHIRL-PAK 532 ML -COM ESPONJA E TARJA - Bio e Qu\u00edmica\",\"isPartOf\":{\"@id\":\"https:\/\/www.bioequimica.com.br\/site\/#website\"},\"primaryImageOfPage\":{\"@id\":\"https:\/\/www.bioequimica.com.br\/site\/produto\/bolsa-nasco-b01245wa-532-ml-com-esponja\/#primaryimage\"},\"image\":{\"@id\":\"https:\/\/www.bioequimica.com.br\/site\/produto\/bolsa-nasco-b01245wa-532-ml-com-esponja\/#primaryimage\"},\"thumbnailUrl\":\"https:\/\/www.bioequimica.com.br\/site\/wp-content\/uploads\/2019\/05\/B01245WA.jpg\",\"datePublished\":\"2019-05-07T13:28:17+00:00\",\"dateModified\":\"2024-09-09T17:48:07+00:00\",\"description\":\"Bolsa Nasco com esponja e tarja de identifica\u00e7\u00e3o, capacidade de 710ml e dimens\u00f5es de 15x23cm e 0,076mm. Esterilizada e dispon\u00edvel em caixa com 500 unidades.\",\"breadcrumb\":{\"@id\":\"https:\/\/www.bioequimica.com.br\/site\/produto\/bolsa-nasco-b01245wa-532-ml-com-esponja\/#breadcrumb\"},\"inLanguage\":\"pt-BR\",\"potentialAction\":[{\"@type\":\"ReadAction\",\"target\":[\"https:\/\/www.bioequimica.com.br\/site\/produto\/bolsa-nasco-b01245wa-532-ml-com-esponja\/\"]}]},{\"@type\":\"ImageObject\",\"inLanguage\":\"pt-BR\",\"@id\":\"https:\/\/www.bioequimica.com.br\/site\/produto\/bolsa-nasco-b01245wa-532-ml-com-esponja\/#primaryimage\",\"url\":\"https:\/\/www.bioequimica.com.br\/site\/wp-content\/uploads\/2019\/05\/B01245WA.jpg\",\"contentUrl\":\"https:\/\/www.bioequimica.com.br\/site\/wp-content\/uploads\/2019\/05\/B01245WA.jpg\",\"width\":1240,\"height\":1240},{\"@type\":\"BreadcrumbList\",\"@id\":\"https:\/\/www.bioequimica.com.br\/site\/produto\/bolsa-nasco-b01245wa-532-ml-com-esponja\/#breadcrumb\",\"itemListElement\":[{\"@type\":\"ListItem\",\"position\":1,\"name\":\"In\u00edcio\",\"item\":\"https:\/\/www.bioequimica.com.br\/site\/\"},{\"@type\":\"ListItem\",\"position\":2,\"name\":\"Shop\",\"item\":\"https:\/\/www.bioequimica.com.br\/site\/shop\/\"},{\"@type\":\"ListItem\",\"position\":3,\"name\":\"BOLSA NASCO WHIRL-PAK 532 ML -COM ESPONJA E TARJA DE IDENTIFICA\u00c7\u00c3O- B01245WA\"}]},{\"@type\":\"WebSite\",\"@id\":\"https:\/\/www.bioequimica.com.br\/site\/#website\",\"url\":\"https:\/\/www.bioequimica.com.br\/site\/\",\"name\":\"Bio e Qu\u00edmica\",\"description\":\"Revenda Autorizada Shimadzu, Nasco,Boeco\",\"publisher\":{\"@id\":\"https:\/\/www.bioequimica.com.br\/site\/#organization\"},\"potentialAction\":[{\"@type\":\"SearchAction\",\"target\":{\"@type\":\"EntryPoint\",\"urlTemplate\":\"https:\/\/www.bioequimica.com.br\/site\/?s={search_term_string}\"},\"query-input\":{\"@type\":\"PropertyValueSpecification\",\"valueRequired\":true,\"valueName\":\"search_term_string\"}}],\"inLanguage\":\"pt-BR\"},{\"@type\":\"Organization\",\"@id\":\"https:\/\/www.bioequimica.com.br\/site\/#organization\",\"name\":\"BioeQuimica Com\u00e9rcio de Produtos para Laborat\u00f3rio Ltda\",\"url\":\"https:\/\/www.bioequimica.com.br\/site\/\",\"logo\":{\"@type\":\"ImageObject\",\"inLanguage\":\"pt-BR\",\"@id\":\"https:\/\/www.bioequimica.com.br\/site\/#\/schema\/logo\/image\/\",\"url\":\"https:\/\/www.bioequimica.com.br\/site\/wp-content\/uploads\/2019\/10\/bioequimica.svg\",\"contentUrl\":\"https:\/\/www.bioequimica.com.br\/site\/wp-content\/uploads\/2019\/10\/bioequimica.svg\",\"width\":500,\"height\":143,\"caption\":\"BioeQuimica Com\u00e9rcio de Produtos para Laborat\u00f3rio Ltda\"},\"image\":{\"@id\":\"https:\/\/www.bioequimica.com.br\/site\/#\/schema\/logo\/image\/\"}}]}<\/script>\n<!-- \/ Yoast SEO plugin. -->","yoast_head_json":{"title":"BOLSA NASCO WHIRL-PAK 532 ML -COM ESPONJA E TARJA - Bio e Qu\u00edmica","description":"Bolsa Nasco com esponja e tarja de identifica\u00e7\u00e3o, capacidade de 710ml e dimens\u00f5es de 15x23cm e 0,076mm. Esterilizada e dispon\u00edvel em caixa com 500 unidades.","robots":{"index":"index","follow":"follow","max-snippet":"max-snippet:-1","max-image-preview":"max-image-preview:large","max-video-preview":"max-video-preview:-1"},"canonical":"https:\/\/www.bioequimica.com.br\/site\/produto\/bolsa-nasco-b01245wa-532-ml-com-esponja\/","og_locale":"pt_BR","og_type":"article","og_title":"BOLSA NASCO WHIRL-PAK 532 ML -COM ESPONJA E TARJA - Bio e Qu\u00edmica","og_description":"Bolsa Nasco com esponja e tarja de identifica\u00e7\u00e3o, capacidade de 710ml e dimens\u00f5es de 15x23cm e 0,076mm. Esterilizada e dispon\u00edvel em caixa com 500 unidades.","og_url":"https:\/\/www.bioequimica.com.br\/site\/produto\/bolsa-nasco-b01245wa-532-ml-com-esponja\/","og_site_name":"Bio e Qu\u00edmica","article_modified_time":"2024-09-09T17:48:07+00:00","og_image":[{"width":1240,"height":1240,"url":"https:\/\/www.bioequimica.com.br\/site\/wp-content\/uploads\/2019\/05\/B01245WA.jpg","type":"image\/jpeg"}],"twitter_card":"summary_large_image","twitter_misc":{"Est. tempo de leitura":"2 minutos"},"schema":{"@context":"https:\/\/schema.org","@graph":[{"@type":"WebPage","@id":"https:\/\/www.bioequimica.com.br\/site\/produto\/bolsa-nasco-b01245wa-532-ml-com-esponja\/","url":"https:\/\/www.bioequimica.com.br\/site\/produto\/bolsa-nasco-b01245wa-532-ml-com-esponja\/","name":"BOLSA NASCO WHIRL-PAK 532 ML -COM ESPONJA E TARJA - Bio e Qu\u00edmica","isPartOf":{"@id":"https:\/\/www.bioequimica.com.br\/site\/#website"},"primaryImageOfPage":{"@id":"https:\/\/www.bioequimica.com.br\/site\/produto\/bolsa-nasco-b01245wa-532-ml-com-esponja\/#primaryimage"},"image":{"@id":"https:\/\/www.bioequimica.com.br\/site\/produto\/bolsa-nasco-b01245wa-532-ml-com-esponja\/#primaryimage"},"thumbnailUrl":"https:\/\/www.bioequimica.com.br\/site\/wp-content\/uploads\/2019\/05\/B01245WA.jpg","datePublished":"2019-05-07T13:28:17+00:00","dateModified":"2024-09-09T17:48:07+00:00","description":"Bolsa Nasco com esponja e tarja de identifica\u00e7\u00e3o, capacidade de 710ml e dimens\u00f5es de 15x23cm e 0,076mm. Esterilizada e dispon\u00edvel em caixa com 500 unidades.","breadcrumb":{"@id":"https:\/\/www.bioequimica.com.br\/site\/produto\/bolsa-nasco-b01245wa-532-ml-com-esponja\/#breadcrumb"},"inLanguage":"pt-BR","potentialAction":[{"@type":"ReadAction","target":["https:\/\/www.bioequimica.com.br\/site\/produto\/bolsa-nasco-b01245wa-532-ml-com-esponja\/"]}]},{"@type":"ImageObject","inLanguage":"pt-BR","@id":"https:\/\/www.bioequimica.com.br\/site\/produto\/bolsa-nasco-b01245wa-532-ml-com-esponja\/#primaryimage","url":"https:\/\/www.bioequimica.com.br\/site\/wp-content\/uploads\/2019\/05\/B01245WA.jpg","contentUrl":"https:\/\/www.bioequimica.com.br\/site\/wp-content\/uploads\/2019\/05\/B01245WA.jpg","width":1240,"height":1240},{"@type":"BreadcrumbList","@id":"https:\/\/www.bioequimica.com.br\/site\/produto\/bolsa-nasco-b01245wa-532-ml-com-esponja\/#breadcrumb","itemListElement":[{"@type":"ListItem","position":1,"name":"In\u00edcio","item":"https:\/\/www.bioequimica.com.br\/site\/"},{"@type":"ListItem","position":2,"name":"Shop","item":"https:\/\/www.bioequimica.com.br\/site\/shop\/"},{"@type":"ListItem","position":3,"name":"BOLSA NASCO WHIRL-PAK 532 ML -COM ESPONJA E TARJA DE IDENTIFICA\u00c7\u00c3O- B01245WA"}]},{"@type":"WebSite","@id":"https:\/\/www.bioequimica.com.br\/site\/#website","url":"https:\/\/www.bioequimica.com.br\/site\/","name":"Bio e Qu\u00edmica","description":"Revenda Autorizada Shimadzu, Nasco,Boeco","publisher":{"@id":"https:\/\/www.bioequimica.com.br\/site\/#organization"},"potentialAction":[{"@type":"SearchAction","target":{"@type":"EntryPoint","urlTemplate":"https:\/\/www.bioequimica.com.br\/site\/?s={search_term_string}"},"query-input":{"@type":"PropertyValueSpecification","valueRequired":true,"valueName":"search_term_string"}}],"inLanguage":"pt-BR"},{"@type":"Organization","@id":"https:\/\/www.bioequimica.com.br\/site\/#organization","name":"BioeQuimica Com\u00e9rcio de Produtos para Laborat\u00f3rio Ltda","url":"https:\/\/www.bioequimica.com.br\/site\/","logo":{"@type":"ImageObject","inLanguage":"pt-BR","@id":"https:\/\/www.bioequimica.com.br\/site\/#\/schema\/logo\/image\/","url":"https:\/\/www.bioequimica.com.br\/site\/wp-content\/uploads\/2019\/10\/bioequimica.svg","contentUrl":"https:\/\/www.bioequimica.com.br\/site\/wp-content\/uploads\/2019\/10\/bioequimica.svg","width":500,"height":143,"caption":"BioeQuimica Com\u00e9rcio de Produtos para Laborat\u00f3rio Ltda"},"image":{"@id":"https:\/\/www.bioequimica.com.br\/site\/#\/schema\/logo\/image\/"}}]}},"_links":{"self":[{"href":"https:\/\/www.bioequimica.com.br\/site\/wp-json\/wp\/v2\/product\/788"}],"collection":[{"href":"https:\/\/www.bioequimica.com.br\/site\/wp-json\/wp\/v2\/product"}],"about":[{"href":"https:\/\/www.bioequimica.com.br\/site\/wp-json\/wp\/v2\/types\/product"}],"replies":[{"embeddable":true,"href":"https:\/\/www.bioequimica.com.br\/site\/wp-json\/wp\/v2\/comments?post=788"}],"wp:featuredmedia":[{"embeddable":true,"href":"https:\/\/www.bioequimica.com.br\/site\/wp-json\/wp\/v2\/media\/971"}],"wp:attachment":[{"href":"https:\/\/www.bioequimica.com.br\/site\/wp-json\/wp\/v2\/media?parent=788"}],"wp:term":[{"taxonomy":"product_brand","embeddable":true,"href":"https:\/\/www.bioequimica.com.br\/site\/wp-json\/wp\/v2\/product_brand?post=788"},{"taxonomy":"product_cat","embeddable":true,"href":"https:\/\/www.bioequimica.com.br\/site\/wp-json\/wp\/v2\/product_cat?post=788"},{"taxonomy":"product_tag","embeddable":true,"href":"https:\/\/www.bioequimica.com.br\/site\/wp-json\/wp\/v2\/product_tag?post=788"}],"curies":[{"name":"wp","href":"https:\/\/api.w.org\/{rel}","templated":true}]}}